{"id":1838,"date":"2018-11-26T10:16:48","date_gmt":"2018-11-26T10:16:48","guid":{"rendered":"https:\/\/djpfashion.nl\/home-construction-2\/"},"modified":"2024-02-19T08:54:18","modified_gmt":"2024-02-19T08:54:18","slug":"home-construction-2","status":"publish","type":"page","link":"https:\/\/djpfashion.nl\/de\/","title":{"rendered":"Homepagina"},"content":{"rendered":"<div class=\"wpb-content-wrapper\"><p>[vc_row full_width=&#8220;stretch_row&#8220; content_placement=&#8220;middle&#8220; css=&#8220;.vc_custom_1550495853694{margin-bottom: 0px !important;padding-bottom: 0px !important;background-position: center !important;background-repeat: no-repeat !important;background-size: cover !important;}&#8220; el_class=&#8220;vertical-align&#8220;][vc_column css=&#8220;.vc_custom_1550493836928{margin-top: 0px !important;padding-top: 0px !important;}&#8220;]<div id=\"fullwidth-block-69d02a87c39d5\" class=\"fullwidth-block fullwidth-block-parallax-vertical clearfix\" data-mobile-parallax-enable=\"1\" style=\"\"><script type=\"text\/javascript\">if (typeof(gem_fix_fullwidth_position) == \"function\") { gem_fix_fullwidth_position(document.getElementById(\"fullwidth-block-69d02a87c39d5\")); }<\/script><div class=\"fullwidth-block-background\" style=\"background-image: url(https:\/\/djpfashion.nl\/wp-content\/uploads\/2020\/04\/Headerfoto_swedteam-scaled.jpg);background-repeat: no-repeat; background-size: cover;background-position: center top;\"><\/div><div class=\"fullwidth-block-inner\"><div class=\"clearboth\"><\/div><style>#thegem-divider-69d02a87c3ad1 {margin-top: 200px !important;}<\/style><div id=\"thegem-divider-69d02a87c3ad1\" class=\"gem-divider  \" style=\"\" ><\/div><div class=\"clearboth\"><\/div><style>#thegem-divider-69d02a87c3b27 {margin-top: -18px !important;}<\/style><div id=\"thegem-divider-69d02a87c3b27\" class=\"gem-divider  \" style=\"\" ><\/div>[vc_column_text css=&#8220;.vc_custom_1708084569461{margin-bottom: 0px !important;}&#8220; el_class=&#8220;construction-title&#8220;]<\/p>\n<div class=\"title-xlarge\" style=\"text-align: center; letter-spacing: 0.02em;\"><span style=\"color: #ffffff;\">PREMIUM MARKEN<\/span><\/div>\n<p>[\/vc_column_text]<div class=\"clearboth\"><\/div><style>#thegem-divider-69d02a87c3b6e {margin-top: 10px !important;}<\/style><div id=\"thegem-divider-69d02a87c3b6e\" class=\"gem-divider  \" style=\"\" ><\/div>[vc_column_text]<\/p>\n<div class=\"title-h2\" style=\"text-align: center;\"><span class=\"light\" style=\"color: #ffffff;\">f\u00fcr Jagd &amp; Outdoor<\/span><\/div>\n<p>[\/vc_column_text]<div class=\"clearboth\"><\/div><style>#thegem-divider-69d02a87c3bb4 {margin-top: 200px !important;}<\/style><div id=\"thegem-divider-69d02a87c3bb4\" class=\"gem-divider  \" style=\"\" ><\/div><\/div><\/div>[\/vc_column][\/vc_row][vc_row full_width=&#8220;stretch_row_content&#8220; equal_height=&#8220;yes&#8220; css=&#8220;.vc_custom_1646748098556{margin-bottom: 0px !important;}&#8220;][vc_column width=&#8220;1\/4&#8243; css=&#8220;.vc_custom_1587752561601{padding-right: 0px !important;padding-left: 0px !important;background-image: url(http:\/\/djpfashion.nl\/wp-content\/uploads\/2020\/04\/swedteam_desolve-1.jpg?id=1201) !important;background-position: center !important;background-repeat: no-repeat !important;background-size: cover !important;}&#8220; el_class=&#8220;custom-bottom-border&#8220;]<div class=\"clearboth\"><\/div><style>#thegem-divider-69d02a87c3c0c {margin-top: 80px !important;}<\/style><div id=\"thegem-divider-69d02a87c3c0c\" class=\"gem-divider  \" style=\"\" ><\/div>[vc_row_inner][vc_column_inner width=&#8220;5\/6&#8243; offset=&#8220;vc_col-sm-offset-1 vc_col-xs-offset-1 vc_col-xs-10&#8243;][vc_single_image image=&#8220;1185&#8243; img_size=&#8220;167&#215;100&#8243; alignment=&#8220;center&#8220;][vc_column_text css=&#8220;.vc_custom_1588070877996{padding-top: px !important;}&#8220;]<\/p>\n<h6 style=\"text-align: center;\"><span style=\"color: #ffffff;\">Setting new standards<\/span><\/h6>\n<p>[\/vc_column_text]<div class=\"gem-button-container gem-button-position-center thegem-button-69d02a87c3d227110    \"  ><a title=\"Swedteam\" class=\"gem-button gem-button-size-small gem-button-style-outline gem-button-text-weight-normal gem-button-border-2\" data-ll-effect=\"drop-right-without-wrap\" style=\"border-radius: 3px;border-color: #ffffff;color: #ffffff;\" onmouseleave=\"this.style.borderColor='#ffffff';this.style.color='#ffffff';\" onmouseenter=\"this.style.borderColor='#0a0a0a';this.style.color='#ffffff';\" href=\"https:\/\/djpfashion.nl\/de\/swedteam\/\" target=\"_self\">Entdecken Sie die Marke<\/a><\/div> [\/vc_column_inner][\/vc_row_inner]<div class=\"clearboth\"><\/div><style>#thegem-divider-69d02a87c3d91 {margin-top: 60px !important;}<\/style><div id=\"thegem-divider-69d02a87c3d91\" class=\"gem-divider  \" style=\"\" ><\/div>[\/vc_column][vc_column width=&#8220;1\/4&#8243; css=&#8220;.vc_custom_1707121695538{background-image: url(https:\/\/djpfashion.nl\/wp-content\/uploads\/2024\/02\/arxus.jpeg?id=1897) !important;background-position: center !important;background-repeat: no-repeat !important;background-size: cover !important;}&#8220;]<div class=\"clearboth\"><\/div><style>#thegem-divider-69d02a87c3de1 {margin-top: 80px !important;}<\/style><div id=\"thegem-divider-69d02a87c3de1\" class=\"gem-divider  \" style=\"\" ><\/div>[vc_row_inner][vc_column_inner width=&#8220;5\/6&#8243; offset=&#8220;vc_col-sm-offset-1 vc_col-xs-offset-1 vc_col-xs-10&#8243;][vc_single_image image=&#8220;1901&#8243; img_size=&#8220;167&#215;100&#8243; alignment=&#8220;center&#8220;][vc_column_text]<\/p>\n<h6 style=\"text-align: center;\"><span style=\"color: #ffffff;\">A TRUE SURVIVOR<\/span><\/h6>\n<p>[\/vc_column_text]<div class=\"gem-button-container gem-button-position-center thegem-button-69d02a87c3eb2455    \"  ><a title=\"Alan Paine\" class=\"gem-button gem-button-size-small gem-button-style-outline gem-button-text-weight-normal gem-button-border-2\" data-ll-effect=\"drop-right-without-wrap\" style=\"border-radius: 3px;border-color: #ffffff;color: #ffffff;\" onmouseleave=\"this.style.borderColor='#ffffff';this.style.color='#ffffff';\" onmouseenter=\"this.style.borderColor='#0a0a0a';this.style.color='#ffffff';\" href=\"https:\/\/djpfashion.nl\/de\/arxus\/\" target=\"_self\">Entdecken Sie die Marke<\/a><\/div> [\/vc_column_inner][\/vc_row_inner]<div class=\"clearboth\"><\/div><style>#thegem-divider-69d02a87c3f15 {margin-top: 60px !important;}<\/style><div id=\"thegem-divider-69d02a87c3f15\" class=\"gem-divider  \" style=\"\" ><\/div>[\/vc_column][vc_column width=&#8220;1\/4&#8243; css=&#8220;.vc_custom_1608978243479{background-image: url(https:\/\/djpfashion.nl\/wp-content\/uploads\/2020\/12\/treksta-1024&#215;945-1.jpg?id=1387) !important;background-position: center !important;background-repeat: no-repeat !important;background-size: cover !important;}&#8220;]<div class=\"clearboth\"><\/div><style>#thegem-divider-69d02a87c3f64 {margin-top: 80px !important;}<\/style><div id=\"thegem-divider-69d02a87c3f64\" class=\"gem-divider  \" style=\"\" ><\/div>[vc_row_inner][vc_column_inner width=&#8220;5\/6&#8243; offset=&#8220;vc_col-sm-offset-1 vc_col-xs-offset-1 vc_col-xs-10&#8243;][vc_single_image image=&#8220;1390&#8243; img_size=&#8220;167&#215;100&#8243; alignment=&#8220;center&#8220;][vc_column_text]<\/p>\n<h6 style=\"text-align: center;\"><span style=\"color: #ffffff;\">REVOLUTIONAIRY FOOTWEAR<\/span><\/h6>\n<p>[\/vc_column_text]<div class=\"gem-button-container gem-button-position-center thegem-button-69d02a87c40194372    \"  ><a title=\"Treksta\" class=\"gem-button gem-button-size-small gem-button-style-outline gem-button-text-weight-normal gem-button-border-2\" data-ll-effect=\"drop-right-without-wrap\" style=\"border-radius: 3px;border-color: #ffffff;color: #ffffff;\" onmouseleave=\"this.style.borderColor='#ffffff';this.style.color='#ffffff';\" onmouseenter=\"this.style.borderColor='#0a0a0a';this.style.color='#ffffff';\" href=\"https:\/\/djpfashion.nl\/de\/treksta\/\" target=\"_self\">Entdecken Sie die Marke<\/a><\/div> [\/vc_column_inner][\/vc_row_inner]<div class=\"clearboth\"><\/div><style>#thegem-divider-69d02a87c407a {margin-top: 60px !important;}<\/style><div id=\"thegem-divider-69d02a87c407a\" class=\"gem-divider  \" style=\"\" ><\/div>[\/vc_column][vc_column width=&#8220;1\/4&#8243; css=&#8220;.vc_custom_1587752630668{padding-right: 0px !important;padding-left: 0px !important;background-image: url(http:\/\/djpfashion.nl\/wp-content\/uploads\/2020\/04\/alanpaine-1.jpg?id=1198) !important;background-position: center !important;background-repeat: no-repeat !important;background-size: cover !important;}&#8220; el_class=&#8220;custom-bottom-border&#8220;]<div class=\"clearboth\"><\/div><style>#thegem-divider-69d02a87c40c7 {margin-top: 80px !important;}<\/style><div id=\"thegem-divider-69d02a87c40c7\" class=\"gem-divider  \" style=\"\" ><\/div>[vc_row_inner][vc_column_inner width=&#8220;5\/6&#8243; offset=&#8220;vc_col-sm-offset-1 vc_col-xs-offset-1 vc_col-xs-10&#8243;][vc_single_image image=&#8220;1186&#8243; img_size=&#8220;167&#215;100&#8243; alignment=&#8220;center&#8220;][vc_column_text]<\/p>\n<h6 style=\"text-align: center;\"><span style=\"color: #ffffff;\">Welcome to our country<\/span><\/h6>\n<p>[\/vc_column_text]<div class=\"gem-button-container gem-button-position-center thegem-button-69d02a87c417c6100    \"  ><a title=\"Alan Paine\" class=\"gem-button gem-button-size-small gem-button-style-outline gem-button-text-weight-normal gem-button-border-2\" data-ll-effect=\"drop-right-without-wrap\" style=\"border-radius: 3px;border-color: #ffffff;color: #ffffff;\" onmouseleave=\"this.style.borderColor='#ffffff';this.style.color='#ffffff';\" onmouseenter=\"this.style.borderColor='#0a0a0a';this.style.color='#ffffff';\" href=\"https:\/\/djpfashion.nl\/de\/alan-paine\/\" target=\"_self\">Entdecken Sie die Marke<\/a><\/div> [\/vc_column_inner][\/vc_row_inner]<div class=\"clearboth\"><\/div><style>#thegem-divider-69d02a87c41fe {margin-top: 60px !important;}<\/style><div id=\"thegem-divider-69d02a87c41fe\" class=\"gem-divider  \" style=\"\" ><\/div>[\/vc_column][\/vc_row][vc_row full_width=&#8220;stretch_row&#8220; content_placement=&#8220;middle&#8220; css=&#8220;.vc_custom_1587753214089{margin-bottom: 0px !important;background-position: center !important;background-repeat: no-repeat !important;background-size: cover !important;}&#8220;][vc_column width=&#8220;1\/2&#8243;][vc_single_image image=&#8220;1205&#8243; img_size=&#8220;full&#8220; alignment=&#8220;center&#8220;][\/vc_column][vc_column width=&#8220;1\/2&#8243;]<div class=\"clearboth\"><\/div><style>#thegem-divider-69d02a87c4288 {margin-top: 100px !important;}<\/style><div id=\"thegem-divider-69d02a87c4288\" class=\"gem-divider  \" style=\"\" ><\/div>[vc_column_text]<\/p>\n<div class=\"title-h2\" style=\"margin-bottom: 20px;\">\n<p class=\"p1\">\u00dcber DJP-Agenturen<\/p>\n<\/div>\n<p>[\/vc_column_text][vc_separator color=&#8220;custom&#8220; align=&#8220;align_left&#8220; border_width=&#8220;2&#8243; el_width=&#8220;20&#8243; accent_color=&#8220;#002563&#8243; css=&#8220;.vc_custom_1586274503621{margin-left: -12px !important;}&#8220;]<div class=\"clearboth\"><\/div><style>#thegem-divider-69d02a87c42f9 {margin-top: 55px !important;}<\/style><div id=\"thegem-divider-69d02a87c42f9\" class=\"gem-divider  \" style=\"\" ><\/div>[vc_column_text]<\/p>\n<p class=\"p1\">Willkommen bei DJP Agencies! Mein Name ist Diedrik J. Pepping.<\/p>\n<p>Seit 1998 bin ich mit DJP Agencies in der Jagdbranche t\u00e4tig und habe mich auf Bekleidung spezialisiert. Als Agent bin ich in den Beneluxl\u00e4ndern f\u00fcr verschiedene Marken von Jagd- und Outdoor-Bekleidung zust\u00e4ndig, die Sie in Jagdsport- und Outdoor-Gesch\u00e4ften finden k\u00f6nnen.<\/p>\n<p>Alle Marken in meinem Portfolio zeichnen sich durch gute Qualit\u00e4t, hohe Funktionalit\u00e4t und hervorragende Passform aus. Sie werden modisch und komfortabel gekleidet sein, kurzum, Sie k\u00f6nnen mit unseren Marken keine bessere Wahl treffen.<\/p>\n<p>F\u00fcr Informationen \u00fcber den n\u00e4chstgelegenen H\u00e4ndler in Ihrer N\u00e4he, nehmen Sie bitte Kontakt mit mir auf. Meine Telefonnummer und mein Kontaktformular finden Sie unten.<\/p>\n<p>Haben Sie ein Gesch\u00e4ft und m\u00f6chten Sie eine oder mehrere unserer Marken in Ihr Sortiment aufnehmen? Ich w\u00fcrde mich freuen, mit Ihnen in Kontakt zu treten. Sie k\u00f6nnen mich dazu anrufen oder mir eine E-Mail \u00fcber das unten stehende Kontaktformular schicken. Gerne vereinbare ich mit Ihnen einen Termin in Ihrem Gesch\u00e4ft, um die M\u00f6glichkeiten zu besprechen und die Kollektion mit Ihnen durchzugehen.<\/p>\n<p>[\/vc_column_text]<div class=\"clearboth\"><\/div><style>#thegem-divider-69d02a87c435b {margin-top: 50px !important;}<\/style><div id=\"thegem-divider-69d02a87c435b\" class=\"gem-divider  \" style=\"\" ><\/div><div class=\"clearboth\"><\/div><style>#thegem-divider-69d02a87c43ca {margin-top: 115px !important;}<\/style><div id=\"thegem-divider-69d02a87c43ca\" class=\"gem-divider  \" style=\"\" ><\/div>[\/vc_column][\/vc_row]<\/p>\n<\/div>","protected":false},"excerpt":{"rendered":"<p>[vc_row full_width=&#8220;stretch_row&#8220; content_placement=&#8220;middle&#8220; css=&#8220;.vc_custom_1550495853694{margin-bottom: 0px !important;padding-bottom: 0px !important;background-position: center !important;background-repeat: no-repeat !important;background-size: cover !important;}&#8220; el_class=&#8220;vertical-align&#8220;][vc_column css=&#8220;.vc_custom_1550493836928{margin-top: 0px !important;padding-top: 0px !important;}&#8220;][\/vc_column][\/vc_row][vc_row&#8230;<\/p>\n","protected":false},"author":2,"featured_media":0,"parent":0,"menu_order":0,"comment_status":"closed","ping_status":"closed","template":"","meta":{"footnotes":""},"class_list":["post-1838","page","type-page","status-publish"],"_links":{"self":[{"href":"https:\/\/djpfashion.nl\/de\/wp-json\/wp\/v2\/pages\/1838","targetHints":{"allow":["GET"]}}],"collection":[{"href":"https:\/\/djpfashion.nl\/de\/wp-json\/wp\/v2\/pages"}],"about":[{"href":"https:\/\/djpfashion.nl\/de\/wp-json\/wp\/v2\/types\/page"}],"author":[{"embeddable":true,"href":"https:\/\/djpfashion.nl\/de\/wp-json\/wp\/v2\/users\/2"}],"replies":[{"embeddable":true,"href":"https:\/\/djpfashion.nl\/de\/wp-json\/wp\/v2\/comments?post=1838"}],"version-history":[{"count":6,"href":"https:\/\/djpfashion.nl\/de\/wp-json\/wp\/v2\/pages\/1838\/revisions"}],"predecessor-version":[{"id":1980,"href":"https:\/\/djpfashion.nl\/de\/wp-json\/wp\/v2\/pages\/1838\/revisions\/1980"}],"wp:attachment":[{"href":"https:\/\/djpfashion.nl\/de\/wp-json\/wp\/v2\/media?parent=1838"}],"curies":[{"name":"wp","href":"https:\/\/api.w.org\/{rel}","templated":true}]}}