{"id":1845,"date":"2020-04-28T10:24:50","date_gmt":"2020-04-28T10:24:50","guid":{"rendered":"https:\/\/djpfashion.nl\/swedteam\/"},"modified":"2024-02-09T11:03:55","modified_gmt":"2024-02-09T11:03:55","slug":"swedteam","status":"publish","type":"page","link":"https:\/\/djpfashion.nl\/de\/swedteam\/","title":{"rendered":"Swedteam"},"content":{"rendered":"<div class=\"wpb-content-wrapper\"><p>[vc_row][vc_column][vc_column_text][\/vc_column_text][\/vc_column][\/vc_row][vc_row css=&#8220;.vc_custom_1511178027038{margin-bottom: 0px !important;}&#8220;][vc_column]<div class=\"clearboth\"><\/div><style>#thegem-divider-69d03f026d3cf {margin-top: 150px !important;}<\/style><div id=\"thegem-divider-69d03f026d3cf\" class=\"gem-divider  \" style=\"\" ><\/div>[\/vc_column][\/vc_row][vc_row full_width=&#8220;stretch_row&#8220; css=&#8220;.vc_custom_1511177893404{margin-bottom: 0px !important;}&#8220;][vc_column offset=&#8220;vc_col-md-6&#8243;]<div class=\"gem-image gem-wrapbox gem-wrapbox-style-default gem-wrapbox-position-below  thegem-custom-69d03f026d4387007\"  style=\"\" ><div class=\"gem-wrapbox-inner \" ><img class=\"gem-wrapbox-element img-responsive\" src=\"https:\/\/djpfashion.nl\/wp-content\/uploads\/2020\/04\/swedteam.png\" alt=\"\"\/><\/div><\/div>[\/vc_column][vc_column offset=&#8220;vc_col-lg-offset-0 vc_col-md-offset-0 vc_col-md-6 vc_col-sm-offset-0&#8243;][vc_column_text css=&#8220;.vc_custom_1588068793236{margin-top: -12px !important;}&#8220;]<\/p>\n<div class=\"title-h2\" style=\"text-align: left; margin-bottom: 20px;\">Swedteam<\/div>\n<div style=\"width: 55px; height: 3px; background: #b65333; text-indent: 9999px;\">1<\/div>\n<p>[\/vc_column_text]<div class=\"clearboth\"><\/div><style>#thegem-divider-69d03f026dbc1 {margin-top: 43px !important;}<\/style><div id=\"thegem-divider-69d03f026dbc1\" class=\"gem-divider  \" style=\"\" ><\/div>[vc_column_text]<strong><em>Setting new Standards!<\/em><\/strong><\/p>\n<p>Das Motto von Swedteam lautet &#8222;Setting New Standards&#8220;. Nach der Einf\u00fchrung von Desolve, der ersten auf das Tierspektrum veredelten Tarnung, und NeoNordic, der funktionellsten Membran auf dem Markt, ist es Swedteam gelungen, mit Antibite\u2122 erneut neue Standards zu setzen. Mit Swedteam ist man nicht nur gut und modisch gekleidet, sondern auch gut vor den Einfl\u00fcssen der Natur gesch\u00fctzt. Erlebnisse in Wald und Feld werden so noch wertvoller. Mit Liebe zur Natur.<span class=\"s1\"><br \/>\n<\/span>[\/vc_column_text][\/vc_column][vc_column css=&#8220;.vc_custom_1588065218707{padding-right: 100px !important;padding-left: 100px !important;}&#8220;]<div class=\"clearboth\"><\/div><style>#thegem-divider-69d03f026dc10 {margin-top: 45px !important;}<\/style><div id=\"thegem-divider-69d03f026dc10\" class=\"gem-divider  \" style=\"\" ><\/div><style>.gem-gallery-grid#style-69d03f026e381 .gallery-item { padding: calc(42px\/2) !important; }.gem-gallery-grid#style-69d03f026e381 .gallery-set { margin-top: calc(-42px\/2); margin-bottom: calc(-42px\/2); }.gem-gallery-grid#style-69d03f026e381 .not-fullwidth-block .gallery-set, .gem-gallery-grid#style-69d03f026e381 .not-fullwidth-block .portfolio-item-size-container { margin-left: calc(-42px\/2); margin-right: calc(-42px\/2); }.gem-gallery-grid#style-69d03f026e381 .fullwidth-block { padding-left: calc(42px\/2); padding-right: calc(42px\/2); }.gem-gallery-grid#style-69d03f026e381 .portfolio-filters { text-align: center }<\/style> <div class=\"gallery-preloader-wrapper\"> <div class=\"row\"> <div id=\"style-69d03f026e381\" class=\"gem-gallery-grid col-lg-12 col-md-12 col-sm-12 gallery-style-justified hover-zooming-blur loading-animation item-animation-move-up columns-4 columns-tablet-2 columns-mobile-1 gaps-margin disable-isotope \" data-hover=\"zooming-blur\" data-uid=\"69d03f026e381\" data-filter=\"[]\"> <div class=\"portfolio not-fullwidth-block \"> <ul class=\"gallery-set clearfix\" data-max-row-height=\"280\"> <li style=\"padding: 21px\" class=\"gallery-item item-animations-not-inited post-1845 page type-page status-publish\"> <div class=\"wrap gem-wrapbox-style-default\"> <div class=\"overlay-wrap\"> <div class=\"image-wrap \"> <picture> <img src=\"https:\/\/djpfashion.nl\/wp-content\/uploads\/2021\/05\/Lyxx_Antibite_SWEDTEAM_201106-4384_hr-1-scaled-thegem-gallery-justified.jpg\" width=\"660\" height=\"600\" class=\"attachment-thegem-gallery-justified\" alt=\"Lyxx_Antibite_SWEDTEAM_201106-4384_hr\" \/> <\/picture> <\/div> <div class=\"overlay \"> <div class=\"overlay-circle\"><\/div> <a href=\"https:\/\/djpfashion.nl\/wp-content\/uploads\/2021\/05\/Lyxx_Antibite_SWEDTEAM_201106-4384_hr-1-scaled.jpg\" class=\"gallery-item-link fancy-gallery\" data-fancybox=\"gallery-69d03f026e381\"> <span class=\"slide-info\"> <\/span> <\/a> <div class=\"overlay-content\"> <div class=\"overlay-content-center\"> <div class=\"overlay-content-inner\"> <a href=\"https:\/\/djpfashion.nl\/wp-content\/uploads\/2021\/05\/Lyxx_Antibite_SWEDTEAM_201106-4384_hr-1-scaled.jpg\" class=\"icon photo \" > <\/a> <div class=\"overlay-line\"><\/div> <\/div> <\/div> <\/div> <\/div> <\/div> <\/div> <\/li> <li style=\"padding: 21px\" class=\"gallery-item item-animations-not-inited post-1845 page type-page status-publish\"> <div class=\"wrap gem-wrapbox-style-default\"> <div class=\"overlay-wrap\"> <div class=\"image-wrap \"> <picture> <img src=\"https:\/\/djpfashion.nl\/wp-content\/uploads\/2021\/05\/100325-402-scaled-thegem-gallery-justified.jpg\" width=\"660\" height=\"600\" class=\"attachment-thegem-gallery-justified\" alt=\"100325-402\" \/> <\/picture> <\/div> <div class=\"overlay \"> <div class=\"overlay-circle\"><\/div> <a href=\"https:\/\/djpfashion.nl\/wp-content\/uploads\/2021\/05\/100325-402-scaled.jpg\" class=\"gallery-item-link fancy-gallery\" data-fancybox=\"gallery-69d03f026e381\"> <span class=\"slide-info\"> <\/span> <\/a> <div class=\"overlay-content\"> <div class=\"overlay-content-center\"> <div class=\"overlay-content-inner\"> <a href=\"https:\/\/djpfashion.nl\/wp-content\/uploads\/2021\/05\/100325-402-scaled.jpg\" class=\"icon photo \" > <\/a> <div class=\"overlay-line\"><\/div> <\/div> <\/div> <\/div> <\/div> <\/div> <\/div> <\/li> <li style=\"padding: 21px\" class=\"gallery-item item-animations-not-inited post-1845 page type-page status-publish\"> <div class=\"wrap gem-wrapbox-style-default\"> <div class=\"overlay-wrap\"> <div class=\"image-wrap \"> <picture> <img src=\"https:\/\/djpfashion.nl\/wp-content\/uploads\/2021\/05\/Lyxx_Antibite_SWEDTEAM_201106-5910_hr-scaled-thegem-gallery-justified.jpg\" width=\"660\" height=\"600\" class=\"attachment-thegem-gallery-justified\" alt=\"Lyxx_Antibite_SWEDTEAM_201106-5910_hr\" \/> <\/picture> <\/div> <div class=\"overlay \"> <div class=\"overlay-circle\"><\/div> <a href=\"https:\/\/djpfashion.nl\/wp-content\/uploads\/2021\/05\/Lyxx_Antibite_SWEDTEAM_201106-5910_hr-scaled.jpg\" class=\"gallery-item-link fancy-gallery\" data-fancybox=\"gallery-69d03f026e381\"> <span class=\"slide-info\"> <\/span> <\/a> <div class=\"overlay-content\"> <div class=\"overlay-content-center\"> <div class=\"overlay-content-inner\"> <a href=\"https:\/\/djpfashion.nl\/wp-content\/uploads\/2021\/05\/Lyxx_Antibite_SWEDTEAM_201106-5910_hr-scaled.jpg\" class=\"icon photo \" > <\/a> <div class=\"overlay-line\"><\/div> <\/div> <\/div> <\/div> <\/div> <\/div> <\/div> <\/li> <li style=\"padding: 21px\" class=\"gallery-item item-animations-not-inited post-1845 page type-page status-publish\"> <div class=\"wrap gem-wrapbox-style-default\"> <div class=\"overlay-wrap\"> <div class=\"image-wrap \"> <picture> <img src=\"https:\/\/djpfashion.nl\/wp-content\/uploads\/2021\/05\/100329-400-scaled-thegem-gallery-justified.jpg\" width=\"660\" height=\"600\" class=\"attachment-thegem-gallery-justified\" alt=\"100329-400\" \/> <\/picture> <\/div> <div class=\"overlay \"> <div class=\"overlay-circle\"><\/div> <a href=\"https:\/\/djpfashion.nl\/wp-content\/uploads\/2021\/05\/100329-400-scaled.jpg\" class=\"gallery-item-link fancy-gallery\" data-fancybox=\"gallery-69d03f026e381\"> <span class=\"slide-info\"> <\/span> <\/a> <div class=\"overlay-content\"> <div class=\"overlay-content-center\"> <div class=\"overlay-content-inner\"> <a href=\"https:\/\/djpfashion.nl\/wp-content\/uploads\/2021\/05\/100329-400-scaled.jpg\" class=\"icon photo \" > <\/a> <div class=\"overlay-line\"><\/div> <\/div> <\/div> <\/div> <\/div> <\/div> <\/div> <\/li> <\/ul> <\/div> <\/div> <\/div> <\/div>[vc_text_separator title_level=&#8220;h6&#8243; title=&#8220;uitgelicht&#8220; color=&#8220;black&#8220;]<div id=\"thegem-blog-69d03f02746973807\" class=\"blog blog-style-default clearfix item-animation-move-up\" data-next-page=\"0\">\n<article id=\"post-1851\" class=\"item-animations-not-inited post-1851 post type-post status-publish format-standard has-post-thumbnail category-swedteam-de\"> <div class=\"item-post-container\"> <div class=\"item-post clearfix\"> <div class=\"post-image\"><div class=\"post-featured-content\"><a href=\"https:\/\/djpfashion.nl\/de\/antibite\/\"> <picture> <img src=\"https:\/\/djpfashion.nl\/wp-content\/uploads\/2021\/05\/Lyxx_Antibite_SWEDTEAM_201106-4534_hr-1-scaled-thegem-blog-default-large.jpg\" width=\"1170\" height=\"540\" class=\"img-responsive\" alt=\"Lyxx_Antibite_SWEDTEAM_201106-4534_hr\" \/> <\/picture> <\/a><\/div><\/div> <div class=\"post-meta date-color\"> <div class=\"entry-meta clearfix gem-post-date\"> <div class=\"post-meta-right\"> <\/div> <div class=\"post-meta-left\"> <span class=\"post-meta-categories\"><a href=\"https:\/\/djpfashion.nl\/de\/category\/swedteam-de\/\" title=\"View all posts in Swedteam\">Swedteam<\/a><\/span> <\/div> <\/div><!-- .entry-meta --> <\/div> <div class=\"post-title\"> <h3 class=\"entry-title\"><a href=\"https:\/\/djpfashion.nl\/de\/antibite\/\" rel=\"bookmark\"><span class=\"entry-title-date\"><\/span><span class=\"light\">ANTIBITE<\/span><\/a><\/h3> <\/div> <div class=\"post-text\"> <div class=\"summary\"> <p>Jeder, der sich l\u00e4ngere Zeit im Wald oder auf freiem Feld aufh\u00e4lt, wei\u00df, wie l\u00e4stig M\u00fccken und andere Insekten sein&#8230;<\/p> <\/div> <\/div> <div class=\"post-footer\"> <div class=\"post-footer-sharing\"><div class=\"gem-button-container gem-button-position-inline thegem-button-69d03f027864b737\" ><a class=\"gem-button gem-button-size-tiny gem-button-style-flat gem-button-text-weight-normal gem-button-empty\" data-ll-effect=\"drop-right-without-wrap\" style=\"border-radius: 3px;\" onmouseleave=\"\" onmouseenter=\"\" href=\"#\" target=\"_self\"><i class=\"gem-print-icon gem-icon-pack-thegem-icons gem-icon-share \"><\/i><\/a><\/div> <div class=\"sharing-popup\"> <div class=\"socials-sharing socials socials-colored-hover\"> <a class=\"socials-item\" target=\"_blank\" href=\"https:\/\/www.facebook.com\/sharer\/sharer.php?u=https%3A%2F%2Fdjpfashion.nl%2Fde%2Fantibite%2F\" title=\"Facebook\"><i class=\"socials-item-icon facebook\"><\/i><\/a> <a class=\"socials-item\" target=\"_blank\" href=\"https:\/\/twitter.com\/intent\/tweet?text=ANTIBITE&#038;url=https%3A%2F%2Fdjpfashion.nl%2Fde%2Fantibite%2F\" title=\"Twitter\"><i class=\"socials-item-icon twitter\"><\/i><\/a> <a class=\"socials-item\" target=\"_blank\" href=\"https:\/\/pinterest.com\/pin\/create\/button\/?url=https%3A%2F%2Fdjpfashion.nl%2Fde%2Fantibite%2F&#038;description=ANTIBITE&#038;media=https%3A%2F%2Fdjpfashion.nl%2Fwp-content%2Fuploads%2F2021%2F05%2FLyxx_Antibite_SWEDTEAM_201106-4534_hr-1-scaled-thegem-blog-timeline-large.jpg\" title=\"Pinterest\"><i class=\"socials-item-icon pinterest\"><\/i><\/a> <a class=\"socials-item\" target=\"_blank\" href=\"http:\/\/tumblr.com\/widgets\/share\/tool?canonicalUrl=https%3A%2F%2Fdjpfashion.nl%2Fde%2Fantibite%2F\" title=\"Tumblr\"><i class=\"socials-item-icon tumblr\"><\/i><\/a> <a class=\"socials-item\" target=\"_blank\" href=\"https:\/\/www.linkedin.com\/shareArticle?mini=true&#038;url=https%3A%2F%2Fdjpfashion.nl%2Fde%2Fantibite%2F&#038;title=ANTIBITE&amp;summary=Jeder%2C+der+sich+l%C3%A4ngere+Zeit+im+Wald+oder+auf+freiem+Feld+aufh%C3%A4lt%2C+wei%C3%9F%2C+wie+l%C3%A4stig+M%C3%BCcken+und+andere+Insekten+sein...\" title=\"LinkedIn\"><i class=\"socials-item-icon linkedin\"><\/i><\/a> <a class=\"socials-item\" target=\"_blank\" href=\"https:\/\/www.reddit.com\/submit?url=https%3A%2F%2Fdjpfashion.nl%2Fde%2Fantibite%2F&#038;title=ANTIBITE\" title=\"Reddit\"><i class=\"socials-item-icon reddit\"><\/i><\/a> <\/div> <svg class=\"sharing-styled-arrow\"><use xlink:href=\"https:\/\/djpfashion.nl\/wp-content\/themes\/thegem\/css\/post-arrow.svg#dec-post-arrow\"><\/use><\/svg><\/div><\/div> <div class=\"post-read-more\"><div class=\"gem-button-container gem-button-position-inline thegem-button-69d03f02793c09609\" ><a class=\"gem-button gem-button-size-tiny gem-button-style-outline gem-button-text-weight-normal gem-button-border-2\" data-ll-effect=\"drop-right-without-wrap\" style=\"border-radius: 3px;\" onmouseleave=\"\" onmouseenter=\"\" href=\"https:\/\/djpfashion.nl\/de\/antibite\/\" target=\"_self\">Read More<\/a><\/div> <\/div> <\/div> <\/div> <\/div> <\/article><!-- #post-1851 --> <article id=\"post-1860\" class=\"item-animations-not-inited post-1860 post type-post status-publish format-standard has-post-thumbnail category-swedteam-de\"> <div class=\"item-post-container\"> <div class=\"item-post clearfix\"> <div class=\"post-image\"><div class=\"post-featured-content\"><a href=\"https:\/\/djpfashion.nl\/de\/neonordic-jachttechnologie\/\"> <picture> <img src=\"https:\/\/djpfashion.nl\/wp-content\/uploads\/2020\/05\/Swedteam-19__2396_forlangd-1-thegem-blog-default-large.jpg\" width=\"1170\" height=\"540\" class=\"img-responsive\" alt=\"Gothiareklamfoto\" \/> <\/picture> <\/a><\/div><\/div> <div class=\"post-meta date-color\"> <div class=\"entry-meta clearfix gem-post-date\"> <div class=\"post-meta-right\"> <\/div> <div class=\"post-meta-left\"> <span class=\"post-meta-categories\"><a href=\"https:\/\/djpfashion.nl\/de\/category\/swedteam-de\/\" title=\"View all posts in Swedteam\">Swedteam<\/a><\/span> <\/div> <\/div><!-- .entry-meta --> <\/div> <div class=\"post-title\"> <h3 class=\"entry-title\"><a href=\"https:\/\/djpfashion.nl\/de\/neonordic-jachttechnologie\/\" rel=\"bookmark\"><span class=\"entry-title-date\"><\/span><span class=\"light\">NEONORDIC\u00ae jacht-technologie<\/span><\/a><\/h3> <\/div> <div class=\"post-text\"> <div class=\"summary\"> <p>Entwickelt f\u00fcr naturnahe Erlebnisse in anspruchsvollen und wechselhaften Klimazonen. Jeder, der schon einmal gejagt hat, kennt die einzigartigen Herausforderungen des&#8230;<\/p> <\/div> <\/div> <div class=\"post-footer\"> <div class=\"post-footer-sharing\"><div class=\"gem-button-container gem-button-position-inline thegem-button-69d03f027b1b05696\" ><a class=\"gem-button gem-button-size-tiny gem-button-style-flat gem-button-text-weight-normal gem-button-empty\" data-ll-effect=\"drop-right-without-wrap\" style=\"border-radius: 3px;\" onmouseleave=\"\" onmouseenter=\"\" href=\"#\" target=\"_self\"><i class=\"gem-print-icon gem-icon-pack-thegem-icons gem-icon-share \"><\/i><\/a><\/div> <div class=\"sharing-popup\"> <div class=\"socials-sharing socials socials-colored-hover\"> <a class=\"socials-item\" target=\"_blank\" href=\"https:\/\/www.facebook.com\/sharer\/sharer.php?u=https%3A%2F%2Fdjpfashion.nl%2Fde%2Fneonordic-jachttechnologie%2F\" title=\"Facebook\"><i class=\"socials-item-icon facebook\"><\/i><\/a> <a class=\"socials-item\" target=\"_blank\" href=\"https:\/\/twitter.com\/intent\/tweet?text=NEONORDIC%C2%AE+jacht-technologie&#038;url=https%3A%2F%2Fdjpfashion.nl%2Fde%2Fneonordic-jachttechnologie%2F\" title=\"Twitter\"><i class=\"socials-item-icon twitter\"><\/i><\/a> <a class=\"socials-item\" target=\"_blank\" href=\"https:\/\/pinterest.com\/pin\/create\/button\/?url=https%3A%2F%2Fdjpfashion.nl%2Fde%2Fneonordic-jachttechnologie%2F&#038;description=NEONORDIC%C2%AE+jacht-technologie&#038;media=https%3A%2F%2Fdjpfashion.nl%2Fwp-content%2Fuploads%2F2020%2F05%2FSwedteam-19__2396_forlangd-1-thegem-blog-timeline-large.jpg\" title=\"Pinterest\"><i class=\"socials-item-icon pinterest\"><\/i><\/a> <a class=\"socials-item\" target=\"_blank\" href=\"http:\/\/tumblr.com\/widgets\/share\/tool?canonicalUrl=https%3A%2F%2Fdjpfashion.nl%2Fde%2Fneonordic-jachttechnologie%2F\" title=\"Tumblr\"><i class=\"socials-item-icon tumblr\"><\/i><\/a> <a class=\"socials-item\" target=\"_blank\" href=\"https:\/\/www.linkedin.com\/shareArticle?mini=true&#038;url=https%3A%2F%2Fdjpfashion.nl%2Fde%2Fneonordic-jachttechnologie%2F&#038;title=NEONORDIC%C2%AE+jacht-technologie&amp;summary=Entwickelt+f%C3%BCr+naturnahe+Erlebnisse+in+anspruchsvollen+und+wechselhaften+Klimazonen.+Jeder%2C+der+schon+einmal+gejagt+hat%2C+kennt+die+einzigartigen+Herausforderungen+des...\" title=\"LinkedIn\"><i class=\"socials-item-icon linkedin\"><\/i><\/a> <a class=\"socials-item\" target=\"_blank\" href=\"https:\/\/www.reddit.com\/submit?url=https%3A%2F%2Fdjpfashion.nl%2Fde%2Fneonordic-jachttechnologie%2F&#038;title=NEONORDIC%C2%AE+jacht-technologie\" title=\"Reddit\"><i class=\"socials-item-icon reddit\"><\/i><\/a> <\/div> <svg class=\"sharing-styled-arrow\"><use xlink:href=\"https:\/\/djpfashion.nl\/wp-content\/themes\/thegem\/css\/post-arrow.svg#dec-post-arrow\"><\/use><\/svg><\/div><\/div> <div class=\"post-read-more\"><div class=\"gem-button-container gem-button-position-inline thegem-button-69d03f027befb1369\" ><a class=\"gem-button gem-button-size-tiny gem-button-style-outline gem-button-text-weight-normal gem-button-border-2\" data-ll-effect=\"drop-right-without-wrap\" style=\"border-radius: 3px;\" onmouseleave=\"\" onmouseenter=\"\" href=\"https:\/\/djpfashion.nl\/de\/neonordic-jachttechnologie\/\" target=\"_self\">Read More<\/a><\/div> <\/div> <\/div> <\/div> <\/div> <\/article><!-- #post-1860 --> <article id=\"post-1869\" class=\"item-animations-not-inited post-1869 post type-post status-publish format-standard has-post-thumbnail category-swedteam-de\"> <div class=\"item-post-container\"> <div class=\"item-post clearfix\"> <div class=\"post-image\"><div class=\"post-featured-content\"><a href=\"https:\/\/djpfashion.nl\/de\/desolve\/\"> <picture> <img src=\"https:\/\/djpfashion.nl\/wp-content\/uploads\/2020\/05\/201908_Bushwear-SwedTeam_Stuart-McMillan-Photography_1007-2-thegem-blog-default-large.jpg\" width=\"1170\" height=\"540\" class=\"img-responsive\" alt=\"201908_Bushwear - SwedTeam_Stuart McMillan Photography_1007 (2)\" \/> <\/picture> <\/a><\/div><\/div> <div class=\"post-meta date-color\"> <div class=\"entry-meta clearfix gem-post-date\"> <div class=\"post-meta-right\"> <\/div> <div class=\"post-meta-left\"> <span class=\"post-meta-categories\"><a href=\"https:\/\/djpfashion.nl\/de\/category\/swedteam-de\/\" title=\"View all posts in Swedteam\">Swedteam<\/a><\/span> <\/div> <\/div><!-- .entry-meta --> <\/div> <div class=\"post-title\"> <h3 class=\"entry-title\"><a href=\"https:\/\/djpfashion.nl\/de\/desolve\/\" rel=\"bookmark\"><span class=\"entry-title-date\"><\/span><span class=\"light\">DESOLVE<\/span><\/a><\/h3> <\/div> <div class=\"post-text\"> <div class=\"summary\"> <p>J\u00e4ger sind immer auf der Suche nach der besten Tarnung, um sich f\u00fcr Tiere unsichtbar zu machen. Was Tiere sehen,&#8230;<\/p> <\/div> <\/div> <div class=\"post-footer\"> <div class=\"post-footer-sharing\"><div class=\"gem-button-container gem-button-position-inline thegem-button-69d03f027dc263564\" ><a class=\"gem-button gem-button-size-tiny gem-button-style-flat gem-button-text-weight-normal gem-button-empty\" data-ll-effect=\"drop-right-without-wrap\" style=\"border-radius: 3px;\" onmouseleave=\"\" onmouseenter=\"\" href=\"#\" target=\"_self\"><i class=\"gem-print-icon gem-icon-pack-thegem-icons gem-icon-share \"><\/i><\/a><\/div> <div class=\"sharing-popup\"> <div class=\"socials-sharing socials socials-colored-hover\"> <a class=\"socials-item\" target=\"_blank\" href=\"https:\/\/www.facebook.com\/sharer\/sharer.php?u=https%3A%2F%2Fdjpfashion.nl%2Fde%2Fdesolve%2F\" title=\"Facebook\"><i class=\"socials-item-icon facebook\"><\/i><\/a> <a class=\"socials-item\" target=\"_blank\" href=\"https:\/\/twitter.com\/intent\/tweet?text=DESOLVE&#038;url=https%3A%2F%2Fdjpfashion.nl%2Fde%2Fdesolve%2F\" title=\"Twitter\"><i class=\"socials-item-icon twitter\"><\/i><\/a> <a class=\"socials-item\" target=\"_blank\" href=\"https:\/\/pinterest.com\/pin\/create\/button\/?url=https%3A%2F%2Fdjpfashion.nl%2Fde%2Fdesolve%2F&#038;description=DESOLVE&#038;media=https%3A%2F%2Fdjpfashion.nl%2Fwp-content%2Fuploads%2F2020%2F05%2F201908_Bushwear-SwedTeam_Stuart-McMillan-Photography_1007-2-thegem-blog-timeline-large.jpg\" title=\"Pinterest\"><i class=\"socials-item-icon pinterest\"><\/i><\/a> <a class=\"socials-item\" target=\"_blank\" href=\"http:\/\/tumblr.com\/widgets\/share\/tool?canonicalUrl=https%3A%2F%2Fdjpfashion.nl%2Fde%2Fdesolve%2F\" title=\"Tumblr\"><i class=\"socials-item-icon tumblr\"><\/i><\/a> <a class=\"socials-item\" target=\"_blank\" href=\"https:\/\/www.linkedin.com\/shareArticle?mini=true&#038;url=https%3A%2F%2Fdjpfashion.nl%2Fde%2Fdesolve%2F&#038;title=DESOLVE&amp;summary=J%C3%A4ger+sind+immer+auf+der+Suche+nach+der+besten+Tarnung%2C+um+sich+f%C3%BCr+Tiere+unsichtbar+zu+machen.+Was+Tiere+sehen%2C...\" title=\"LinkedIn\"><i class=\"socials-item-icon linkedin\"><\/i><\/a> <a class=\"socials-item\" target=\"_blank\" href=\"https:\/\/www.reddit.com\/submit?url=https%3A%2F%2Fdjpfashion.nl%2Fde%2Fdesolve%2F&#038;title=DESOLVE\" title=\"Reddit\"><i class=\"socials-item-icon reddit\"><\/i><\/a> <\/div> <svg class=\"sharing-styled-arrow\"><use xlink:href=\"https:\/\/djpfashion.nl\/wp-content\/themes\/thegem\/css\/post-arrow.svg#dec-post-arrow\"><\/use><\/svg><\/div><\/div> <div class=\"post-read-more\"><div class=\"gem-button-container gem-button-position-inline thegem-button-69d03f027e99b9545\" ><a class=\"gem-button gem-button-size-tiny gem-button-style-outline gem-button-text-weight-normal gem-button-border-2\" data-ll-effect=\"drop-right-without-wrap\" style=\"border-radius: 3px;\" onmouseleave=\"\" onmouseenter=\"\" href=\"https:\/\/djpfashion.nl\/de\/desolve\/\" target=\"_self\">Read More<\/a><\/div> <\/div> <\/div> <\/div> <\/div> <\/article><!-- #post-1869 -->\n<\/div>[\/vc_column][\/vc_row][vc_row][vc_column][\/vc_column][\/vc_row]<\/p>\n<\/div>","protected":false},"excerpt":{"rendered":"<p>[vc_row][vc_column][vc_column_text][\/vc_column_text][\/vc_column][\/vc_row][vc_row css=&#8220;.vc_custom_1511178027038{margin-bottom: 0px !important;}&#8220;][vc_column][\/vc_column][\/vc_row][vc_row full_width=&#8220;stretch_row&#8220; css=&#8220;.vc_custom_1511177893404{margin-bottom: 0px !important;}&#8220;][vc_column offset=&#8220;vc_col-md-6&#8243;][\/vc_column][vc_column offset=&#8220;vc_col-lg-offset-0 vc_col-md-offset-0 vc_col-md-6 vc_col-sm-offset-0&#8243;][vc_column_text css=&#8220;.vc_custom_1588068793236{margin-top: -12px !important;}&#8220;] Swedteam 1 [\/vc_column_text][vc_column_text]Setting new&#8230;<\/p>\n","protected":false},"author":2,"featured_media":0,"parent":0,"menu_order":0,"comment_status":"closed","ping_status":"closed","template":"","meta":{"footnotes":""},"class_list":["post-1845","page","type-page","status-publish"],"_links":{"self":[{"href":"https:\/\/djpfashion.nl\/de\/wp-json\/wp\/v2\/pages\/1845","targetHints":{"allow":["GET"]}}],"collection":[{"href":"https:\/\/djpfashion.nl\/de\/wp-json\/wp\/v2\/pages"}],"about":[{"href":"https:\/\/djpfashion.nl\/de\/wp-json\/wp\/v2\/types\/page"}],"author":[{"embeddable":true,"href":"https:\/\/djpfashion.nl\/de\/wp-json\/wp\/v2\/users\/2"}],"replies":[{"embeddable":true,"href":"https:\/\/djpfashion.nl\/de\/wp-json\/wp\/v2\/comments?post=1845"}],"version-history":[{"count":1,"href":"https:\/\/djpfashion.nl\/de\/wp-json\/wp\/v2\/pages\/1845\/revisions"}],"predecessor-version":[{"id":1847,"href":"https:\/\/djpfashion.nl\/de\/wp-json\/wp\/v2\/pages\/1845\/revisions\/1847"}],"wp:attachment":[{"href":"https:\/\/djpfashion.nl\/de\/wp-json\/wp\/v2\/media?parent=1845"}],"curies":[{"name":"wp","href":"https:\/\/api.w.org\/{rel}","templated":true}]}}