{"id":1884,"date":"2020-12-26T10:31:58","date_gmt":"2020-12-26T10:31:58","guid":{"rendered":"https:\/\/djpfashion.nl\/treksta\/"},"modified":"2024-02-09T11:04:04","modified_gmt":"2024-02-09T11:04:04","slug":"treksta","status":"publish","type":"page","link":"https:\/\/djpfashion.nl\/de\/treksta\/","title":{"rendered":"Treksta"},"content":{"rendered":"<div class=\"wpb-content-wrapper\"><p>[vc_row][vc_column][vc_column_text][\/vc_column_text][\/vc_column][\/vc_row][vc_row css=&#8220;.vc_custom_1511178027038{margin-bottom: 0px !important;}&#8220;][vc_column]<div class=\"clearboth\"><\/div><style>#thegem-divider-69d04f6be1b20 {margin-top: 150px !important;}<\/style><div id=\"thegem-divider-69d04f6be1b20\" class=\"gem-divider  \" style=\"\" ><\/div>[\/vc_column][\/vc_row][vc_row full_width=&#8220;stretch_row&#8220; css=&#8220;.vc_custom_1511177893404{margin-bottom: 0px !important;}&#8220;][vc_column offset=&#8220;vc_col-md-6&#8243;]<div class=\"gem-image gem-wrapbox gem-wrapbox-style-default gem-wrapbox-position-below  thegem-custom-69d04f6be1b935331\"  style=\"\" ><div class=\"gem-wrapbox-inner \" ><img class=\"gem-wrapbox-element img-responsive\" src=\"https:\/\/djpfashion.nl\/wp-content\/uploads\/2020\/12\/Treksta-1024x517-1.png\" alt=\"\"\/><\/div><\/div>[\/vc_column][vc_column offset=&#8220;vc_col-lg-offset-0 vc_col-md-offset-0 vc_col-md-6 vc_col-sm-offset-0&#8243;][vc_column_text css=&#8220;.vc_custom_1706880841350{margin-top: -12px !important;}&#8220;]<\/p>\n<div class=\"title-h2\" style=\"text-align: left; margin-bottom: 20px;\">\n<p class=\"p1\">NestFIT-Technologie<\/p>\n<\/div>\n<div style=\"width: 55px; height: 3px; background: #9e1510; text-indent: 9999px;\">1<\/div>\n<p>[\/vc_column_text]<div class=\"clearboth\"><\/div><style>#thegem-divider-69d04f6be231c {margin-top: 43px !important;}<\/style><div id=\"thegem-divider-69d04f6be231c\" class=\"gem-divider  \" style=\"\" ><\/div>[vc_column_text]<\/p>\n<p class=\"p1\">Die ersten Schuhe, die wirklich auf den menschlichen Fu\u00df zugeschnitten sind.<\/p>\n<p>In der Vergangenheit wurde der herk\u00f6mmliche Schuhleisten immer f\u00fcr eine allgemeine Fu\u00dfform hergestellt. Von den Anf\u00e4ngen bis heute hat sich an der Form des Schuhs nicht viel ge\u00e4ndert. Die NestFIT-Technologie von Treksta entstand schlie\u00dflich aus der Vermessung von etwa 20.000 individuellen F\u00fc\u00dfen, menschlichen F\u00fc\u00dfen &#8230; genau wie Ihren.<\/p>\n<p>NestFIT hat die nat\u00fcrliche Kurve und den Winkel der Zehenbox beibehalten. Im Gegensatz zu herk\u00f6mmlichen Schuhen sorgt die revolution\u00e4re Endform von NestFIT daf\u00fcr, dass sich Obermaterial, Innensohle, Zwischensohle und Au\u00dfensohle perfekt an Ihren Fu\u00df anpassen und eine individuelle Passform bieten. Dar\u00fcber hinaus erm\u00f6glicht NestFIT eine nat\u00fcrliche Spreizung der Zehen f\u00fcr ein besseres Gleichgewicht, ohne einzuengen.<\/p>\n<p>Die NestFIT-Technologie ist eine revolution\u00e4re Technologie und bietet maximalen Komfort f\u00fcr Ihre F\u00fc\u00dfe.<\/p>\n<p>Mithilfe der 3D-Scantechnologie haben wir die F\u00fc\u00dfe von mehr als 20.000 Menschen analysiert und eine Konturkarte erstellt, um die 226 Knochen und 33 Gelenke des menschlichen Fu\u00dfes bequem abzubilden. Daher bietet NestFIT Last im Vergleich zu allen anderen Outdoor-Schuhen den perfekten Komfort f\u00fcr Ihre F\u00fc\u00dfe. NestFIT reduziert den Druck auf Ihre F\u00fc\u00dfe um 23% und verringert die Muskelerm\u00fcdung um 31%. Mit NestFIT werden Sie alle Ihre Outdoor-Aktivit\u00e4ten mit mehr Spa\u00df und Komfort genie\u00dfen.<\/p>\n<p>Kurz gesagt: NestFIT macht einen gro\u00dfen Unterschied.<\/p>\n<p>[\/vc_column_text][\/vc_column][vc_column css=&#8220;.vc_custom_1588065218707{padding-right: 100px !important;padding-left: 100px !important;}&#8220;]<div class=\"clearboth\"><\/div><style>#thegem-divider-69d04f6be236f {margin-top: 45px !important;}<\/style><div id=\"thegem-divider-69d04f6be236f\" class=\"gem-divider  \" style=\"\" ><\/div>[vc_text_separator title_level=&#8220;h6&#8243; title=&#8220;uitgelicht&#8220; color=&#8220;black&#8220;][vc_row_inner][vc_column_inner width=&#8220;1\/3&#8243;][vc_single_image image=&#8220;1408&#8243; img_size=&#8220;large&#8220; alignment=&#8220;right&#8220;][\/vc_column_inner][vc_column_inner width=&#8220;2\/3&#8243;][vc_column_text css=&#8220;.vc_custom_1608980602173{margin-top: -12px !important;}&#8220;]<\/p>\n<div class=\"title-h2\" style=\"text-align: left; margin-bottom: 20px;\">\n<p><strong>HYPERGRIP<\/strong><\/p>\n<\/div>\n<div style=\"width: 55px; height: 3px; background: #9e1510; text-indent: 9999px;\">1<\/div>\n<p>[\/vc_column_text]<div class=\"clearboth\"><\/div><style>#thegem-divider-69d04f6be23bd {margin-top: 43px !important;}<\/style><div id=\"thegem-divider-69d04f6be23bd\" class=\"gem-divider  \" style=\"\" ><\/div>[vc_column_text]<\/p>\n<p class=\"p1\">Bei Treksta Scandinavian glauben wir nicht an Kompromisse. W\u00e4hrend andere Schuhe Sie zwingen, sich zwischen Grip und Haltbarkeit zu entscheiden, bietet Ihnen die patentierte Gummimischung von HyperGrips das Beste aus beidem. HyperGrip ist eine weltweit f\u00fchrende Marke f\u00fcr hochwertige Gummisohlen f\u00fcr den Outdoor-, Arbeits- und Freizeitbereich. Seit 1988 produziert HyperGrip die fortschrittlichsten Outdoor-Sohlen mit den neuesten Ger\u00e4ten und Designs.<\/p>\n<p>Seit mehr als 25 Jahren steht das leuchtend rote ovale Logo f\u00fcr Qualit\u00e4t und unsere Leidenschaft f\u00fcr Innovation. HyperGrip bietet die n\u00f6tige Traktion und Robustheit, um jedes Terrain zu bezwingen, und sorgt daf\u00fcr, dass Sie entscheiden, wie weit Sie gehen, nicht Ihre Schuhe.<\/p>\n<p>[\/vc_column_text][\/vc_column_inner][\/vc_row_inner]<div class=\"clearboth\"><\/div><style>#thegem-divider-69d04f6be2407 {margin-top: 45px !important;}<\/style><div id=\"thegem-divider-69d04f6be2407\" class=\"gem-divider  \" style=\"\" ><\/div>[vc_row_inner][vc_column_inner width=&#8220;1\/3&#8243;][vc_single_image image=&#8220;1410&#8243; img_size=&#8220;large&#8220; alignment=&#8220;right&#8220;][\/vc_column_inner][vc_column_inner width=&#8220;2\/3&#8243;][vc_column_text css=&#8220;.vc_custom_1608980619665{margin-top: -12px !important;}&#8220;]<\/p>\n<div class=\"title-h2\" style=\"text-align: left; margin-bottom: 20px;\">\n<p><strong>ICELOCK<\/strong><\/p>\n<\/div>\n<div style=\"width: 55px; height: 3px; background: #9e1510; text-indent: 9999px;\">1<\/div>\n<p>[\/vc_column_text]<div class=\"clearboth\"><\/div><style>#thegem-divider-69d04f6be2452 {margin-top: 43px !important;}<\/style><div id=\"thegem-divider-69d04f6be2452\" class=\"gem-divider  \" style=\"\" ><\/div>[vc_column_text]<\/p>\n<p class=\"p1\">Die Notwendigkeit ist die Mutter des Einfallsreichtums. Die Idee f\u00fcr IceLock entstand, als wir eines Morgens aufwachten und einen schneebedeckten Weg vorfanden, als wir eine gro\u00dfe Tour geplant hatten. Auch als diese an diesem Tag abgebrochen wurde, weil der Weg mit zunehmender H\u00f6he von Schlamm in festen Schnee \u00fcberging.<\/p>\n<p>Die Frustration dar\u00fcber, dass wir nicht weitergehen konnten, brachte uns auf die Idee, nicht f\u00fcr jeden Untergrund ein anderes Paar Schuhe kaufen zu m\u00fcssen. Unser Lebensstil im Freien verlangte nach einer L\u00f6sung f\u00fcr das ganze Jahr, unabh\u00e4ngig von den Wetterbedingungen und dem Untergrund. Eine v\u00f6llig neue innovative L\u00f6sung in Form von IceLock bot schlie\u00dflich die L\u00f6sung<\/p>\n<p>ICELOCK besteht aus Mikroglasf\u00e4den, die magnetisch ausgerichtet sind und einen Schlupf erzeugen, der die Oberfl\u00e4chenspannung aufhebt. Dies sorgt letztlich f\u00fcr einen optimalen Halt auf rutschigen Oberfl\u00e4chen wie z. B. Eis.<\/p>\n<p>Die vertikal ausgerichteten Filamente sorgen au\u00dferdem f\u00fcr die Langlebigkeit der Sohle.<\/p>\n<p>[\/vc_column_text][\/vc_column_inner][\/vc_row_inner]<div class=\"clearboth\"><\/div><style>#thegem-divider-69d04f6be249a {margin-top: 45px !important;}<\/style><div id=\"thegem-divider-69d04f6be249a\" class=\"gem-divider  \" style=\"\" ><\/div>[vc_row_inner][vc_column_inner width=&#8220;1\/3&#8243;][vc_single_image image=&#8220;1409&#8243; img_size=&#8220;large&#8220; alignment=&#8220;right&#8220;][\/vc_column_inner][vc_column_inner width=&#8220;2\/3&#8243;][vc_column_text css=&#8220;.vc_custom_1608980646873{margin-top: -12px !important;}&#8220;]<\/p>\n<div class=\"title-h2\" style=\"text-align: left; margin-bottom: 20px;\">\n<p><strong>BOA<\/strong><\/p>\n<\/div>\n<div style=\"width: 55px; height: 3px; background: #9e1510; text-indent: 9999px;\">1<\/div>\n<p>[\/vc_column_text]<div class=\"clearboth\"><\/div><style>#thegem-divider-69d04f6be24e4 {margin-top: 43px !important;}<\/style><div id=\"thegem-divider-69d04f6be24e4\" class=\"gem-divider  \" style=\"\" ><\/div>[vc_column_text]<\/p>\n<p class=\"p1\"><em><strong>Handschuh\u00e4hnliche Passform mit Geschwindigkeit<\/strong><\/em><\/p>\n<p><em><strong>Treksta Boa<\/strong><\/em><\/p>\n<p>Sie kennen das bestimmt: Sie sind unterwegs und die Schn\u00fcrsenkel l\u00f6sen sich. Ihre H\u00e4nde sind kalt, die Schn\u00fcrsenkel sind nass und schmutzig. Dann versuchen Sie, die Schn\u00fcrsenkel neu zu binden &#8211; gar nicht so einfach. Das Boa-Schn\u00fcrsystem bietet ma\u00dfgeschneiderten Komfort mit einem reibungslosen und gleichm\u00e4\u00dfigen Verschluss auf die schnellste Art und Weise. Nur ein Dreh an einem Knopf und Ihre Schuhe schlie\u00dfen sich perfekt um den Fu\u00df, UND sie bleiben sicher geschlossen.<\/p>\n<p>Der Stahlschn\u00fcrsenkel wurde speziell f\u00fcr das Boa-System entwickelt und in tausenden von Eins\u00e4tzen getestet. Er besteht aus 19 einzelnen superstarken Str\u00e4ngen aus rostfreiem Stahl in Flugzeugqualit\u00e4t.<\/p>\n<p>Diese Str\u00e4nge werden zu einem haltbaren, abriebfesten und superstarken Schn\u00fcrsenkel verflochten. Diese Schn\u00fcrsenkel werden dann mit einer speziell formulierten technischen Polymerbeschichtung umwickelt, um eine glatte, haltbare und reibungsfreie Oberfl\u00e4che zu erhalten.<\/p>\n<p>Wichtigste Merkmale<\/p>\n<p>Handschuh\u00e4hnliche Passform: Das Boa-Verschlusssystem bietet ma\u00dfgeschneiderten Komfort mit glattem, gleichm\u00e4\u00dfigem Verschluss und ohne Druckstellen.<\/p>\n<p>Starker Verschluss: Einmal an Ort und Stelle, h\u00e4lt der Boa die Einstellung.<\/p>\n<p>Langlebig: Boa-Schn\u00fcrsenkel bestehen aus rostfreiem Stahl in Flugzeugqualit\u00e4t und sind pro Gramm st\u00e4rker als eine Panzerung.<\/p>\n<p>Leichtes Gewicht: Boa ist wasser-, schlamm- und eisabweisend.<\/p>\n<p>[\/vc_column_text][\/vc_column_inner][\/vc_row_inner][\/vc_column][\/vc_row]<\/p>\n<\/div>","protected":false},"excerpt":{"rendered":"<p>[vc_row][vc_column][vc_column_text][\/vc_column_text][\/vc_column][\/vc_row][vc_row css=&#8220;.vc_custom_1511178027038{margin-bottom: 0px !important;}&#8220;][vc_column][\/vc_column][\/vc_row][vc_row full_width=&#8220;stretch_row&#8220; css=&#8220;.vc_custom_1511177893404{margin-bottom: 0px !important;}&#8220;][vc_column offset=&#8220;vc_col-md-6&#8243;][\/vc_column][vc_column offset=&#8220;vc_col-lg-offset-0 vc_col-md-offset-0 vc_col-md-6 vc_col-sm-offset-0&#8243;][vc_column_text css=&#8220;.vc_custom_1706880841350{margin-top: -12px !important;}&#8220;] NestFIT-Technologie 1 [\/vc_column_text][vc_column_text] Die&#8230;<\/p>\n","protected":false},"author":2,"featured_media":0,"parent":0,"menu_order":0,"comment_status":"closed","ping_status":"closed","template":"","meta":{"footnotes":""},"class_list":["post-1884","page","type-page","status-publish"],"_links":{"self":[{"href":"https:\/\/djpfashion.nl\/de\/wp-json\/wp\/v2\/pages\/1884","targetHints":{"allow":["GET"]}}],"collection":[{"href":"https:\/\/djpfashion.nl\/de\/wp-json\/wp\/v2\/pages"}],"about":[{"href":"https:\/\/djpfashion.nl\/de\/wp-json\/wp\/v2\/types\/page"}],"author":[{"embeddable":true,"href":"https:\/\/djpfashion.nl\/de\/wp-json\/wp\/v2\/users\/2"}],"replies":[{"embeddable":true,"href":"https:\/\/djpfashion.nl\/de\/wp-json\/wp\/v2\/comments?post=1884"}],"version-history":[{"count":2,"href":"https:\/\/djpfashion.nl\/de\/wp-json\/wp\/v2\/pages\/1884\/revisions"}],"predecessor-version":[{"id":1889,"href":"https:\/\/djpfashion.nl\/de\/wp-json\/wp\/v2\/pages\/1884\/revisions\/1889"}],"wp:attachment":[{"href":"https:\/\/djpfashion.nl\/de\/wp-json\/wp\/v2\/media?parent=1884"}],"curies":[{"name":"wp","href":"https:\/\/api.w.org\/{rel}","templated":true}]}}