{"id":1914,"date":"2024-02-02T11:59:50","date_gmt":"2024-02-02T11:59:50","guid":{"rendered":"https:\/\/djpfashion.nl\/arxus\/"},"modified":"2024-02-15T14:06:43","modified_gmt":"2024-02-15T14:06:43","slug":"arxus","status":"publish","type":"page","link":"https:\/\/djpfashion.nl\/de\/arxus\/","title":{"rendered":"Arxus"},"content":{"rendered":"<div class=\"wpb-content-wrapper\"><p>[vc_row][vc_column][vc_column_text][\/vc_column_text][\/vc_column][\/vc_row][vc_row][vc_column]<div class=\"clearboth\"><\/div><style>#thegem-divider-69d604680639c {margin-top: 150px !important;}<\/style><div id=\"thegem-divider-69d604680639c\" class=\"gem-divider  \" style=\"\" ><\/div>[\/vc_column][\/vc_row][vc_row][vc_column width=&#8220;1\/2&#8243;]<div class=\"gem-image gem-wrapbox gem-wrapbox-style-default gem-wrapbox-position-below  thegem-custom-69d60468064095536\"  style=\"\" ><div class=\"gem-wrapbox-inner \" ><img class=\"gem-wrapbox-element img-responsive\" src=\"https:\/\/djpfashion.nl\/wp-content\/uploads\/2024\/02\/Logo-Arxus.png\" alt=\"\"\/><\/div><\/div>[\/vc_column][vc_column width=&#8220;1\/2&#8243;][vc_column_text]<\/p>\n<div class=\"title-h2\" style=\"text-align: left; margin-bottom: 20px;\">Arxus<\/div>\n<div style=\"width: 55px; height: 3px; background: #1E3811; text-indent: 9999px;\">1<\/div>\n<p>[\/vc_column_text]<div class=\"clearboth\"><\/div><style>#thegem-divider-69d6046806b87 {margin-top: 43px !important;}<\/style><div id=\"thegem-divider-69d6046806b87\" class=\"gem-divider  \" style=\"\" ><\/div>[vc_column_text]<\/p>\n<p class=\"p1\">Die Gummistiefel von Arxus bestehen zu 100 % aus Naturkautschuk, der eine lange Lebensdauer und eine hohe Widerstandsf\u00e4higkeit gegen \u00e4u\u00dfere St\u00f6\u00dfe gew\u00e4hrleistet. Es werden keine chemischen Zusatzstoffe verwendet. Erlaubt sind nur Farbpigmente und Zusatzstoffe, die f\u00fcr den Vulkanisierungsprozess erforderlich sind.<\/p>\n<p>Aufgrund der niedrigen Temperatur w\u00e4hrend der Vulkanisierung beh\u00e4lt der Gummi seine nat\u00fcrliche Feuchtigkeit. Dies ist eine wesentliche Voraussetzung f\u00fcr eine lange Produktlebensdauer. Eine einzigartige Gummist\u00e4rke von 2,0 mm bietet den besten Schutz gegen scharfe Gegenst\u00e4nde. Im Vergleich dazu liegt die branchen\u00fcbliche Gummist\u00e4rke bei 1,3 bis 1,8 mm.<\/p>\n<p>Die einzigartige Arxus-Konstruktionsmethode, bei der Naturkautschuk um den gesamten Fu\u00df herum verwendet wird, macht den Stiefel wasserdicht, noch bevor die Sohle montiert ist. Wenn die Sohle besch\u00e4digt wird, bleibt der Stiefel mit hoher Wahrscheinlichkeit wasserdicht. Die Sohle besteht aus sechs technischen Schichten, die f\u00fcr \u00fcberragenden Komfort, guten Halt f\u00fcr den Fu\u00df und extremen Grip dank des einzigartigen X-Musters der Sohle sorgen.<\/p>\n<p>Der Arxus-Stiefel verf\u00fcgt \u00fcber einen Latexriemen, der rund um den Schaft geklebt ist und garantiert, dass der Riemen beim Anziehen nicht verrutscht oder sich verschiebt. Der Riemen kann mit einer Metallschnalle verstellt werden, die immer an ihrem Platz bleibt. Die exklusive Lederpaspel am oberen Rand des Stiefels verhindert, dass sich das Innenfutter vom \u00e4u\u00dferen Gummi l\u00f6st, wenn der Rand des Stiefels bei jedem Anziehen gedehnt wird.<\/p>\n<p>[\/vc_column_text][\/vc_column][\/vc_row][vc_row][vc_column width=&#8220;1\/2&#8243;][vc_column_text]<\/p>\n<h3>Statement<\/h3>\n<p>[\/vc_column_text]<div class=\"clearboth\"><\/div><style>#thegem-divider-69d6046806bd8 {margin-top: 43px !important;}<\/style><div id=\"thegem-divider-69d6046806bd8\" class=\"gem-divider  \" style=\"\" ><\/div>[vc_column_text]<\/p>\n<p class=\"p1\">Wir sind aktive J\u00e4ger und Naturliebhaber, und unsere Kollektion wurde auf der Grundlage unserer eigenen Erfahrungen entwickelt und umfasst Funktionen, die Ihnen bei der Jagd und anderen Outdoor-Aktivit\u00e4ten einzigartigen und unvergleichlichen Komfort und Bewegungsfreiheit bieten.<\/p>\n<p>[\/vc_column_text][\/vc_column][vc_column width=&#8220;1\/2&#8243;]<div class=\"gem-image gem-wrapbox gem-wrapbox-style-default gem-wrapbox-position-below  thegem-custom-69d6046806c281217\"  style=\"\" ><div class=\"gem-wrapbox-inner \" ><img class=\"gem-wrapbox-element img-responsive\" src=\"https:\/\/djpfashion.nl\/wp-content\/uploads\/2024\/02\/arxus-rubber-boots-category.jpg\" alt=\"\"\/><\/div><\/div>[\/vc_column][\/vc_row][vc_row][vc_column width=&#8220;1\/2&#8243;]<div class=\"gem-image gem-wrapbox gem-wrapbox-style-default gem-wrapbox-position-below  thegem-custom-69d60468073412907\"  style=\"\" ><div class=\"gem-wrapbox-inner \" ><img class=\"gem-wrapbox-element img-responsive\" src=\"https:\/\/djpfashion.nl\/wp-content\/uploads\/2024\/02\/arxus-mono.jpg\" alt=\"\"\/><\/div><\/div>[\/vc_column][vc_column width=&#8220;1\/2&#8243;][vc_column_text]<\/p>\n<h3 class=\"p1\">Geschichte<\/h3>\n<p>[\/vc_column_text]<div class=\"clearboth\"><\/div><style>#thegem-divider-69d6046807a41 {margin-top: 43px !important;}<\/style><div id=\"thegem-divider-69d6046807a41\" class=\"gem-divider  \" style=\"\" ><\/div>[vc_column_text]<\/p>\n<p class=\"p1\">Ein gutes Paar Stiefel ist wahrscheinlich der wichtigste Teil Ihrer Outdoor-Ausr\u00fcstung. Wenn sich Ihre F\u00fc\u00dfe wohlf\u00fchlen, k\u00f6nnen Sie den Tag noch mehr genie\u00dfen. Seit unseren Anf\u00e4ngen als &#8222;Stiefeltechniker&#8220; im Jahr 1986 ist es unser Ziel, stets Stiefel von h\u00f6chster Qualit\u00e4t anzubieten, die ein H\u00f6chstma\u00df an Komfort, Funktionalit\u00e4t und Haltbarkeit mit gro\u00dfartigem Design verbinden.<\/p>\n<p>Die in Frankreich hergestellten Gummistiefel waren die ersten Stiefel, die f\u00fcr das harte Terrain in Skandinavien hergestellt wurden, weshalb sie f\u00fcr viele Menschen die erste Wahl waren. Im Jahr 2007 beschlossen wir jedoch, unsere Erfahrung zu nutzen und eine eigene Marke zu gr\u00fcnden, um unter dem Markennamen Arxus&#8220; eine Reihe von Gummistiefeln zu entwerfen, zu entwickeln und zu produzieren, die etwas Besonderes sind.<\/p>\n<p>Wir wollten einen neuen Standard f\u00fcr hochwertige Stiefel setzen und die traditionelle Vorstellung von Gummistiefeln durch eine vielf\u00e4ltigere Kollektion ersetzen, die speziell f\u00fcr zahlreiche Aktivit\u00e4ten entwickelt wurde. Die Entwicklung einer v\u00f6llig neuen Kollektion von handgefertigten Stiefeln aus Naturkautschuk erforderte jahrelange Erfahrung und viel Know-how.<\/p>\n<p>Um der Herausforderung gerecht zu werden, Schuhe zu entwickeln, die f\u00fcr die verschiedenen Bedingungen in der &#8222;freien Natur&#8220; geeignet sind, m\u00fcssen Stiefel mit dem richtigen Halt f\u00fcr F\u00fc\u00dfe und Beine, kombiniert mit verschiedenen Optionen f\u00fcr das Innenfutter und mit einer langlebigen Konstruktion, geschaffen werden. Das Arxus-Sortiment hat sich zu einer Kollektion mit vielen einzigartigen Merkmalen entwickelt, mit denen wir uns von anderen Marken abheben.<\/p>\n<p>Arxus ist heute ein f\u00fchrender Hersteller von Gummistiefeln und eine etablierte Marke in Bezug auf Komfort, Leistung und dauerhafte Qualit\u00e4t.<\/p>\n<p>[\/vc_column_text][\/vc_column][\/vc_row]<\/p>\n<\/div>","protected":false},"excerpt":{"rendered":"<p>[vc_row][vc_column][vc_column_text][\/vc_column_text][\/vc_column][\/vc_row][vc_row][vc_column][\/vc_column][\/vc_row][vc_row][vc_column width=&#8220;1\/2&#8243;][\/vc_column][vc_column width=&#8220;1\/2&#8243;][vc_column_text] Arxus 1 [\/vc_column_text][vc_column_text] Die Gummistiefel von Arxus bestehen zu 100 % aus Naturkautschuk, der eine lange Lebensdauer&#8230;<\/p>\n","protected":false},"author":4,"featured_media":0,"parent":0,"menu_order":0,"comment_status":"closed","ping_status":"closed","template":"","meta":{"footnotes":""},"class_list":["post-1914","page","type-page","status-publish"],"_links":{"self":[{"href":"https:\/\/djpfashion.nl\/de\/wp-json\/wp\/v2\/pages\/1914","targetHints":{"allow":["GET"]}}],"collection":[{"href":"https:\/\/djpfashion.nl\/de\/wp-json\/wp\/v2\/pages"}],"about":[{"href":"https:\/\/djpfashion.nl\/de\/wp-json\/wp\/v2\/types\/page"}],"author":[{"embeddable":true,"href":"https:\/\/djpfashion.nl\/de\/wp-json\/wp\/v2\/users\/4"}],"replies":[{"embeddable":true,"href":"https:\/\/djpfashion.nl\/de\/wp-json\/wp\/v2\/comments?post=1914"}],"version-history":[{"count":4,"href":"https:\/\/djpfashion.nl\/de\/wp-json\/wp\/v2\/pages\/1914\/revisions"}],"predecessor-version":[{"id":1974,"href":"https:\/\/djpfashion.nl\/de\/wp-json\/wp\/v2\/pages\/1914\/revisions\/1974"}],"wp:attachment":[{"href":"https:\/\/djpfashion.nl\/de\/wp-json\/wp\/v2\/media?parent=1914"}],"curies":[{"name":"wp","href":"https:\/\/api.w.org\/{rel}","templated":true}]}}