{"id":1836,"date":"2018-11-26T10:16:48","date_gmt":"2018-11-26T10:16:48","guid":{"rendered":"https:\/\/djpfashion.nl\/home-construction-2\/"},"modified":"2024-02-19T08:51:31","modified_gmt":"2024-02-19T08:51:31","slug":"home-construction-2","status":"publish","type":"page","link":"https:\/\/djpfashion.nl\/fr\/","title":{"rendered":"Homepagina"},"content":{"rendered":"<div class=\"wpb-content-wrapper\"><p>[vc_row full_width=\u00a0\u00bbstretch_row\u00a0\u00bb content_placement=\u00a0\u00bbmiddle\u00a0\u00bb css=\u00a0\u00bb.vc_custom_1550495853694{margin-bottom: 0px !important;padding-bottom: 0px !important;background-position: center !important;background-repeat: no-repeat !important;background-size: cover !important;}\u00a0\u00bb el_class=\u00a0\u00bbvertical-align\u00a0\u00bb][vc_column css=\u00a0\u00bb.vc_custom_1550493836928{margin-top: 0px !important;padding-top: 0px !important;}\u00a0\u00bb]<div id=\"fullwidth-block-69e58ca25a7bf\" class=\"fullwidth-block fullwidth-block-parallax-vertical clearfix\" data-mobile-parallax-enable=\"1\" style=\"\"><script type=\"text\/javascript\">if (typeof(gem_fix_fullwidth_position) == \"function\") { gem_fix_fullwidth_position(document.getElementById(\"fullwidth-block-69e58ca25a7bf\")); }<\/script><div class=\"fullwidth-block-background\" style=\"background-image: url(https:\/\/djpfashion.nl\/wp-content\/uploads\/2020\/04\/Headerfoto_swedteam-scaled.jpg);background-repeat: no-repeat; background-size: cover;background-position: center top;\"><\/div><div class=\"fullwidth-block-inner\"><div class=\"clearboth\"><\/div><style>#thegem-divider-69e58ca25a8a6 {margin-top: 200px !important;}<\/style><div id=\"thegem-divider-69e58ca25a8a6\" class=\"gem-divider  \" style=\"\" ><\/div><div class=\"clearboth\"><\/div><style>#thegem-divider-69e58ca25a903 {margin-top: -18px !important;}<\/style><div id=\"thegem-divider-69e58ca25a903\" class=\"gem-divider  \" style=\"\" ><\/div>[vc_column_text css=\u00a0\u00bb.vc_custom_1708084517796{margin-bottom: 0px !important;}\u00a0\u00bb el_class=\u00a0\u00bbconstruction-title\u00a0\u00bb]<\/p>\n<div class=\"title-xlarge\" style=\"text-align: center; letter-spacing: 0.02em;\"><span style=\"color: #ffffff;\">MARQUES DE QUALIT\u00c9 SUP\u00c9RIEURE<\/span><\/div>\n<p>[\/vc_column_text]<div class=\"clearboth\"><\/div><style>#thegem-divider-69e58ca25a951 {margin-top: 10px !important;}<\/style><div id=\"thegem-divider-69e58ca25a951\" class=\"gem-divider  \" style=\"\" ><\/div>[vc_column_text]<\/p>\n<div class=\"title-h2\" style=\"text-align: center;\"><span class=\"light\" style=\"color: #ffffff;\">pour la chasse et les activit\u00e9s de plein air<\/span><\/div>\n<p>[\/vc_column_text]<div class=\"clearboth\"><\/div><style>#thegem-divider-69e58ca25a9b3 {margin-top: 200px !important;}<\/style><div id=\"thegem-divider-69e58ca25a9b3\" class=\"gem-divider  \" style=\"\" ><\/div><\/div><\/div>[\/vc_column][\/vc_row][vc_row full_width=\u00a0\u00bbstretch_row_content\u00a0\u00bb equal_height=\u00a0\u00bbyes\u00a0\u00bb css=\u00a0\u00bb.vc_custom_1646748098556{margin-bottom: 0px !important;}\u00a0\u00bb][vc_column width=\u00a0\u00bb1\/4&Prime; css=\u00a0\u00bb.vc_custom_1587752561601{padding-right: 0px !important;padding-left: 0px !important;background-image: url(http:\/\/djpfashion.nl\/wp-content\/uploads\/2020\/04\/swedteam_desolve-1.jpg?id=1201) !important;background-position: center !important;background-repeat: no-repeat !important;background-size: cover !important;}\u00a0\u00bb el_class=\u00a0\u00bbcustom-bottom-border\u00a0\u00bb]<div class=\"clearboth\"><\/div><style>#thegem-divider-69e58ca25aa14 {margin-top: 80px !important;}<\/style><div id=\"thegem-divider-69e58ca25aa14\" class=\"gem-divider  \" style=\"\" ><\/div>[vc_row_inner][vc_column_inner width=\u00a0\u00bb5\/6&Prime; offset=\u00a0\u00bbvc_col-sm-offset-1 vc_col-xs-offset-1 vc_col-xs-10&Prime;][vc_single_image image=\u00a0\u00bb1185&Prime; img_size=\u00a0\u00bb167&#215;100&Prime; alignment=\u00a0\u00bbcenter\u00a0\u00bb][vc_column_text css=\u00a0\u00bb.vc_custom_1588070877996{padding-top: px !important;}\u00a0\u00bb]<\/p>\n<h6 style=\"text-align: center;\"><span style=\"color: #ffffff;\">Setting new standards<\/span><\/h6>\n<p>[\/vc_column_text]<div class=\"gem-button-container gem-button-position-center thegem-button-69e58ca25ab3c3569    \"  ><a title=\"Swedteam\" class=\"gem-button gem-button-size-small gem-button-style-outline gem-button-text-weight-normal gem-button-border-2\" data-ll-effect=\"drop-right-without-wrap\" style=\"border-radius: 3px;border-color: #ffffff;color: #ffffff;\" onmouseleave=\"this.style.borderColor='#ffffff';this.style.color='#ffffff';\" onmouseenter=\"this.style.borderColor='#0a0a0a';this.style.color='#ffffff';\" href=\"https:\/\/djpfashion.nl\/fr\/swedteam\/\" target=\"_self\">d\u00e9couvrir la marque<\/a><\/div> [\/vc_column_inner][\/vc_row_inner]<div class=\"clearboth\"><\/div><style>#thegem-divider-69e58ca25abb1 {margin-top: 60px !important;}<\/style><div id=\"thegem-divider-69e58ca25abb1\" class=\"gem-divider  \" style=\"\" ><\/div>[\/vc_column][vc_column width=\u00a0\u00bb1\/4&Prime; css=\u00a0\u00bb.vc_custom_1707121625139{background-image: url(https:\/\/djpfashion.nl\/wp-content\/uploads\/2024\/02\/arxus.jpeg?id=1896) !important;background-position: center !important;background-repeat: no-repeat !important;background-size: cover !important;}\u00a0\u00bb]<div class=\"clearboth\"><\/div><style>#thegem-divider-69e58ca25ac07 {margin-top: 80px !important;}<\/style><div id=\"thegem-divider-69e58ca25ac07\" class=\"gem-divider  \" style=\"\" ><\/div>[vc_row_inner][vc_column_inner width=\u00a0\u00bb5\/6&Prime; offset=\u00a0\u00bbvc_col-sm-offset-1 vc_col-xs-offset-1 vc_col-xs-10&Prime;][vc_single_image image=\u00a0\u00bb1900&Prime; img_size=\u00a0\u00bb167&#215;100&Prime; alignment=\u00a0\u00bbcenter\u00a0\u00bb][vc_column_text]<\/p>\n<h6 style=\"text-align: center;\"><span style=\"color: #ffffff;\">A TRUE SURVIVOR<\/span><\/h6>\n<p>[\/vc_column_text]<div class=\"gem-button-container gem-button-position-center thegem-button-69e58ca25acc95786    \"  ><a title=\"Alan Paine\" class=\"gem-button gem-button-size-small gem-button-style-outline gem-button-text-weight-normal gem-button-border-2\" data-ll-effect=\"drop-right-without-wrap\" style=\"border-radius: 3px;border-color: #ffffff;color: #ffffff;\" onmouseleave=\"this.style.borderColor='#ffffff';this.style.color='#ffffff';\" onmouseenter=\"this.style.borderColor='#0a0a0a';this.style.color='#ffffff';\" href=\"https:\/\/djpfashion.nl\/fr\/arxus\/\" target=\"_self\">d\u00e9couvrir la marque<\/a><\/div> [\/vc_column_inner][\/vc_row_inner]<div class=\"clearboth\"><\/div><style>#thegem-divider-69e58ca25ad5b {margin-top: 60px !important;}<\/style><div id=\"thegem-divider-69e58ca25ad5b\" class=\"gem-divider  \" style=\"\" ><\/div>[\/vc_column][vc_column width=\u00a0\u00bb1\/4&Prime; css=\u00a0\u00bb.vc_custom_1608978243479{background-image: url(https:\/\/djpfashion.nl\/wp-content\/uploads\/2020\/12\/treksta-1024&#215;945-1.jpg?id=1387) !important;background-position: center !important;background-repeat: no-repeat !important;background-size: cover !important;}\u00a0\u00bb]<div class=\"clearboth\"><\/div><style>#thegem-divider-69e58ca25adb6 {margin-top: 80px !important;}<\/style><div id=\"thegem-divider-69e58ca25adb6\" class=\"gem-divider  \" style=\"\" ><\/div>[vc_row_inner][vc_column_inner width=\u00a0\u00bb5\/6&Prime; offset=\u00a0\u00bbvc_col-sm-offset-1 vc_col-xs-offset-1 vc_col-xs-10&Prime;][vc_single_image image=\u00a0\u00bb1390&Prime; img_size=\u00a0\u00bb167&#215;100&Prime; alignment=\u00a0\u00bbcenter\u00a0\u00bb][vc_column_text]<\/p>\n<h6 style=\"text-align: center;\"><span style=\"color: #ffffff;\">REVOLUTIONAIRY FOOTWEAR<\/span><\/h6>\n<p>[\/vc_column_text]<div class=\"gem-button-container gem-button-position-center thegem-button-69e58ca25ae7852    \"  ><a title=\"Treksta\" class=\"gem-button gem-button-size-small gem-button-style-outline gem-button-text-weight-normal gem-button-border-2\" data-ll-effect=\"drop-right-without-wrap\" style=\"border-radius: 3px;border-color: #ffffff;color: #ffffff;\" onmouseleave=\"this.style.borderColor='#ffffff';this.style.color='#ffffff';\" onmouseenter=\"this.style.borderColor='#0a0a0a';this.style.color='#ffffff';\" href=\"https:\/\/djpfashion.nl\/fr\/treksta\/\" target=\"_self\">d\u00e9couvrir la marque<\/a><\/div> [\/vc_column_inner][\/vc_row_inner]<div class=\"clearboth\"><\/div><style>#thegem-divider-69e58ca25aedf {margin-top: 60px !important;}<\/style><div id=\"thegem-divider-69e58ca25aedf\" class=\"gem-divider  \" style=\"\" ><\/div>[\/vc_column][vc_column width=\u00a0\u00bb1\/4&Prime; css=\u00a0\u00bb.vc_custom_1587752630668{padding-right: 0px !important;padding-left: 0px !important;background-image: url(http:\/\/djpfashion.nl\/wp-content\/uploads\/2020\/04\/alanpaine-1.jpg?id=1198) !important;background-position: center !important;background-repeat: no-repeat !important;background-size: cover !important;}\u00a0\u00bb el_class=\u00a0\u00bbcustom-bottom-border\u00a0\u00bb]<div class=\"clearboth\"><\/div><style>#thegem-divider-69e58ca25af32 {margin-top: 80px !important;}<\/style><div id=\"thegem-divider-69e58ca25af32\" class=\"gem-divider  \" style=\"\" ><\/div>[vc_row_inner][vc_column_inner width=\u00a0\u00bb5\/6&Prime; offset=\u00a0\u00bbvc_col-sm-offset-1 vc_col-xs-offset-1 vc_col-xs-10&Prime;][vc_single_image image=\u00a0\u00bb1186&Prime; img_size=\u00a0\u00bb167&#215;100&Prime; alignment=\u00a0\u00bbcenter\u00a0\u00bb][vc_column_text]<\/p>\n<h6 style=\"text-align: center;\"><span style=\"color: #ffffff;\">Welcome to our country<\/span><\/h6>\n<p>[\/vc_column_text]<div class=\"gem-button-container gem-button-position-center thegem-button-69e58ca25aff05122    \"  ><a title=\"Alan Paine\" class=\"gem-button gem-button-size-small gem-button-style-outline gem-button-text-weight-normal gem-button-border-2\" data-ll-effect=\"drop-right-without-wrap\" style=\"border-radius: 3px;border-color: #ffffff;color: #ffffff;\" onmouseleave=\"this.style.borderColor='#ffffff';this.style.color='#ffffff';\" onmouseenter=\"this.style.borderColor='#0a0a0a';this.style.color='#ffffff';\" href=\"https:\/\/djpfashion.nl\/fr\/alan-paine\/\" target=\"_self\">d\u00e9couvrir la marque<\/a><\/div> [\/vc_column_inner][\/vc_row_inner]<div class=\"clearboth\"><\/div><style>#thegem-divider-69e58ca25b055 {margin-top: 60px !important;}<\/style><div id=\"thegem-divider-69e58ca25b055\" class=\"gem-divider  \" style=\"\" ><\/div>[\/vc_column][\/vc_row][vc_row full_width=\u00a0\u00bbstretch_row\u00a0\u00bb content_placement=\u00a0\u00bbmiddle\u00a0\u00bb css=\u00a0\u00bb.vc_custom_1587753214089{margin-bottom: 0px !important;background-position: center !important;background-repeat: no-repeat !important;background-size: cover !important;}\u00a0\u00bb][vc_column width=\u00a0\u00bb1\/2&Prime;][vc_single_image image=\u00a0\u00bb1205&Prime; img_size=\u00a0\u00bbfull\u00a0\u00bb alignment=\u00a0\u00bbcenter\u00a0\u00bb][\/vc_column][vc_column width=\u00a0\u00bb1\/2&Prime;]<div class=\"clearboth\"><\/div><style>#thegem-divider-69e58ca25b0a6 {margin-top: 100px !important;}<\/style><div id=\"thegem-divider-69e58ca25b0a6\" class=\"gem-divider  \" style=\"\" ><\/div>[vc_column_text]<\/p>\n<div class=\"title-h2\" style=\"margin-bottom: 20px;\">\n<p class=\"p1\">A propos des Agences DJP<\/p>\n<\/div>\n<p>[\/vc_column_text][vc_separator color=\u00a0\u00bbcustom\u00a0\u00bb align=\u00a0\u00bbalign_left\u00a0\u00bb border_width=\u00a0\u00bb2&Prime; el_width=\u00a0\u00bb20&Prime; accent_color=\u00a0\u00bb#002563&Prime; css=\u00a0\u00bb.vc_custom_1586274503621{margin-left: -12px !important;}\u00a0\u00bb]<div class=\"clearboth\"><\/div><style>#thegem-divider-69e58ca25b0f4 {margin-top: 55px !important;}<\/style><div id=\"thegem-divider-69e58ca25b0f4\" class=\"gem-divider  \" style=\"\" ><\/div>[vc_column_text]<\/p>\n<p>Bienvenue chez DJP Agencies ! Je m&rsquo;appelle Diedrik J. Pepping.<\/p>\n<p>Depuis 1998, je suis actif dans le secteur de la chasse avec DJP Agencies, sp\u00e9cialis\u00e9 dans les v\u00eatements. En tant qu&rsquo;agent, je suis responsable pour le Benelux de diff\u00e9rentes marques de v\u00eatements de chasse et de plein air que vous pouvez trouver dans les magasins de sports de chasse et de plein air.<\/p>\n<p>Toutes les marques de mon portefeuille se caract\u00e9risent par une bonne qualit\u00e9, une grande fonctionnalit\u00e9 et d&rsquo;excellentes coupes. Vous serez habill\u00e9 \u00e0 la mode et confortablement, bref vous ne pouvez pas faire un meilleur choix avec nos marques.<\/p>\n<p>Pour obtenir des informations sur le revendeur le plus proche de chez vous, n&rsquo;h\u00e9sitez pas \u00e0 me contacter. Mon num\u00e9ro de t\u00e9l\u00e9phone et mon formulaire de contact se trouvent ci-dessous.<\/p>\n<p>Vous avez un magasin et vous souhaitez inclure une ou plusieurs de nos marques dans votre assortiment ? C&rsquo;est avec plaisir que je prendrai contact avec vous. Vous pouvez m&rsquo;appeler ou m&rsquo;envoyer un e-mail via le formulaire de contact ci-dessous. Je prendrai volontiers rendez-vous avec vous dans votre magasin pour discuter des possibilit\u00e9s et passer en revue la collection avec vous.<\/p>\n<p>[\/vc_column_text]<div class=\"clearboth\"><\/div><style>#thegem-divider-69e58ca25b150 {margin-top: 50px !important;}<\/style><div id=\"thegem-divider-69e58ca25b150\" class=\"gem-divider  \" style=\"\" ><\/div><div class=\"clearboth\"><\/div><style>#thegem-divider-69e58ca25b1a0 {margin-top: 115px !important;}<\/style><div id=\"thegem-divider-69e58ca25b1a0\" class=\"gem-divider  \" style=\"\" ><\/div>[\/vc_column][\/vc_row]<\/p>\n<\/div>","protected":false},"excerpt":{"rendered":"<p>[vc_row full_width=\u00a0\u00bbstretch_row\u00a0\u00bb content_placement=\u00a0\u00bbmiddle\u00a0\u00bb css=\u00a0\u00bb.vc_custom_1550495853694{margin-bottom: 0px !important;padding-bottom: 0px !important;background-position: center !important;background-repeat: no-repeat !important;background-size: cover !important;}\u00a0\u00bb el_class=\u00a0\u00bbvertical-align\u00a0\u00bb][vc_column css=\u00a0\u00bb.vc_custom_1550493836928{margin-top: 0px !important;padding-top: 0px !important;}\u00a0\u00bb][\/vc_column][\/vc_row][vc_row&#8230;<\/p>\n","protected":false},"author":2,"featured_media":0,"parent":0,"menu_order":0,"comment_status":"closed","ping_status":"closed","template":"","meta":{"footnotes":""},"class_list":["post-1836","page","type-page","status-publish"],"_links":{"self":[{"href":"https:\/\/djpfashion.nl\/fr\/wp-json\/wp\/v2\/pages\/1836","targetHints":{"allow":["GET"]}}],"collection":[{"href":"https:\/\/djpfashion.nl\/fr\/wp-json\/wp\/v2\/pages"}],"about":[{"href":"https:\/\/djpfashion.nl\/fr\/wp-json\/wp\/v2\/types\/page"}],"author":[{"embeddable":true,"href":"https:\/\/djpfashion.nl\/fr\/wp-json\/wp\/v2\/users\/2"}],"replies":[{"embeddable":true,"href":"https:\/\/djpfashion.nl\/fr\/wp-json\/wp\/v2\/comments?post=1836"}],"version-history":[{"count":7,"href":"https:\/\/djpfashion.nl\/fr\/wp-json\/wp\/v2\/pages\/1836\/revisions"}],"predecessor-version":[{"id":1979,"href":"https:\/\/djpfashion.nl\/fr\/wp-json\/wp\/v2\/pages\/1836\/revisions\/1979"}],"wp:attachment":[{"href":"https:\/\/djpfashion.nl\/fr\/wp-json\/wp\/v2\/media?parent=1836"}],"curies":[{"name":"wp","href":"https:\/\/api.w.org\/{rel}","templated":true}]}}