{"id":1844,"date":"2020-04-28T10:24:50","date_gmt":"2020-04-28T10:24:50","guid":{"rendered":"https:\/\/djpfashion.nl\/swedteam\/"},"modified":"2024-02-09T11:06:02","modified_gmt":"2024-02-09T11:06:02","slug":"swedteam","status":"publish","type":"page","link":"https:\/\/djpfashion.nl\/fr\/swedteam\/","title":{"rendered":"Swedteam"},"content":{"rendered":"<div class=\"wpb-content-wrapper\"><p>[vc_row][vc_column][vc_column_text][\/vc_column_text][\/vc_column][\/vc_row][vc_row css=\u00a0\u00bb.vc_custom_1511178027038{margin-bottom: 0px !important;}\u00a0\u00bb][vc_column]<div class=\"clearboth\"><\/div><style>#thegem-divider-69d04fa0cf75a {margin-top: 150px !important;}<\/style><div id=\"thegem-divider-69d04fa0cf75a\" class=\"gem-divider  \" style=\"\" ><\/div>[\/vc_column][\/vc_row][vc_row full_width=\u00a0\u00bbstretch_row\u00a0\u00bb css=\u00a0\u00bb.vc_custom_1511177893404{margin-bottom: 0px !important;}\u00a0\u00bb][vc_column offset=\u00a0\u00bbvc_col-md-6&Prime;]<div class=\"gem-image gem-wrapbox gem-wrapbox-style-default gem-wrapbox-position-below  thegem-custom-69d04fa0cf7cd382\"  style=\"\" ><div class=\"gem-wrapbox-inner \" ><img class=\"gem-wrapbox-element img-responsive\" src=\"https:\/\/djpfashion.nl\/wp-content\/uploads\/2020\/04\/swedteam.png\" alt=\"\"\/><\/div><\/div>[\/vc_column][vc_column offset=\u00a0\u00bbvc_col-lg-offset-0 vc_col-md-offset-0 vc_col-md-6 vc_col-sm-offset-0&Prime;][vc_column_text css=\u00a0\u00bb.vc_custom_1588068793236{margin-top: -12px !important;}\u00a0\u00bb]<\/p>\n<div class=\"title-h2\" style=\"text-align: left; margin-bottom: 20px;\">Swedteam<\/div>\n<div style=\"width: 55px; height: 3px; background: #b65333; text-indent: 9999px;\">1<\/div>\n<p>[\/vc_column_text]<div class=\"clearboth\"><\/div><style>#thegem-divider-69d04fa0cfe66 {margin-top: 43px !important;}<\/style><div id=\"thegem-divider-69d04fa0cfe66\" class=\"gem-divider  \" style=\"\" ><\/div>[vc_column_text]<strong><em>Setting new Standards!<\/em><\/strong><\/p>\n<p class=\"p1\">\u00c9tablir de nouvelles normes !<br \/>\nLa devise de Swedteam est \u00ab\u00a0Setting New Standards\u00a0\u00bb. Apr\u00e8s avoir introduit Desolve, le premier camouflage greff\u00e9 sur le spectre animal et NeoNordic, la membrane la plus fonctionnelle du march\u00e9, Swedteam a r\u00e9ussi \u00e0 \u00e9tablir \u00e0 nouveau de nouvelles normes avec Antibite\u2122. Avec Swedteam, vous \u00eates non seulement bien habill\u00e9 et \u00e0 la mode, mais aussi bien prot\u00e9g\u00e9 contre les influences de la nature. Les exp\u00e9riences dans les bois et les champs deviennent encore plus pr\u00e9cieuses. Avec l&rsquo;amour de la nature.<\/p>\n<p>[\/vc_column_text][\/vc_column][vc_column css=\u00a0\u00bb.vc_custom_1588065218707{padding-right: 100px !important;padding-left: 100px !important;}\u00a0\u00bb]<div class=\"clearboth\"><\/div><style>#thegem-divider-69d04fa0cfeb3 {margin-top: 45px !important;}<\/style><div id=\"thegem-divider-69d04fa0cfeb3\" class=\"gem-divider  \" style=\"\" ><\/div><style>.gem-gallery-grid#style-69d04fa0d0648 .gallery-item { padding: calc(42px\/2) !important; }.gem-gallery-grid#style-69d04fa0d0648 .gallery-set { margin-top: calc(-42px\/2); margin-bottom: calc(-42px\/2); }.gem-gallery-grid#style-69d04fa0d0648 .not-fullwidth-block .gallery-set, .gem-gallery-grid#style-69d04fa0d0648 .not-fullwidth-block .portfolio-item-size-container { margin-left: calc(-42px\/2); margin-right: calc(-42px\/2); }.gem-gallery-grid#style-69d04fa0d0648 .fullwidth-block { padding-left: calc(42px\/2); padding-right: calc(42px\/2); }.gem-gallery-grid#style-69d04fa0d0648 .portfolio-filters { text-align: center }<\/style> <div class=\"gallery-preloader-wrapper\"> <div class=\"row\"> <div id=\"style-69d04fa0d0648\" class=\"gem-gallery-grid col-lg-12 col-md-12 col-sm-12 gallery-style-justified hover-zooming-blur loading-animation item-animation-move-up columns-4 columns-tablet-2 columns-mobile-1 gaps-margin disable-isotope \" data-hover=\"zooming-blur\" data-uid=\"69d04fa0d0648\" data-filter=\"[]\"> <div class=\"portfolio not-fullwidth-block \"> <ul class=\"gallery-set clearfix\" data-max-row-height=\"280\"> <li style=\"padding: 21px\" class=\"gallery-item item-animations-not-inited post-1844 page type-page status-publish\"> <div class=\"wrap gem-wrapbox-style-default\"> <div class=\"overlay-wrap\"> <div class=\"image-wrap \"> <picture> <img src=\"https:\/\/djpfashion.nl\/wp-content\/uploads\/2021\/05\/Lyxx_Antibite_SWEDTEAM_201106-4384_hr-1-scaled-thegem-gallery-justified.jpg\" width=\"660\" height=\"600\" class=\"attachment-thegem-gallery-justified\" alt=\"Lyxx_Antibite_SWEDTEAM_201106-4384_hr\" \/> <\/picture> <\/div> <div class=\"overlay \"> <div class=\"overlay-circle\"><\/div> <a href=\"https:\/\/djpfashion.nl\/wp-content\/uploads\/2021\/05\/Lyxx_Antibite_SWEDTEAM_201106-4384_hr-1-scaled.jpg\" class=\"gallery-item-link fancy-gallery\" data-fancybox=\"gallery-69d04fa0d0648\"> <span class=\"slide-info\"> <\/span> <\/a> <div class=\"overlay-content\"> <div class=\"overlay-content-center\"> <div class=\"overlay-content-inner\"> <a href=\"https:\/\/djpfashion.nl\/wp-content\/uploads\/2021\/05\/Lyxx_Antibite_SWEDTEAM_201106-4384_hr-1-scaled.jpg\" class=\"icon photo \" > <\/a> <div class=\"overlay-line\"><\/div> <\/div> <\/div> <\/div> <\/div> <\/div> <\/div> <\/li> <li style=\"padding: 21px\" class=\"gallery-item item-animations-not-inited post-1844 page type-page status-publish\"> <div class=\"wrap gem-wrapbox-style-default\"> <div class=\"overlay-wrap\"> <div class=\"image-wrap \"> <picture> <img src=\"https:\/\/djpfashion.nl\/wp-content\/uploads\/2021\/05\/100325-402-scaled-thegem-gallery-justified.jpg\" width=\"660\" height=\"600\" class=\"attachment-thegem-gallery-justified\" alt=\"100325-402\" \/> <\/picture> <\/div> <div class=\"overlay \"> <div class=\"overlay-circle\"><\/div> <a href=\"https:\/\/djpfashion.nl\/wp-content\/uploads\/2021\/05\/100325-402-scaled.jpg\" class=\"gallery-item-link fancy-gallery\" data-fancybox=\"gallery-69d04fa0d0648\"> <span class=\"slide-info\"> <\/span> <\/a> <div class=\"overlay-content\"> <div class=\"overlay-content-center\"> <div class=\"overlay-content-inner\"> <a href=\"https:\/\/djpfashion.nl\/wp-content\/uploads\/2021\/05\/100325-402-scaled.jpg\" class=\"icon photo \" > <\/a> <div class=\"overlay-line\"><\/div> <\/div> <\/div> <\/div> <\/div> <\/div> <\/div> <\/li> <li style=\"padding: 21px\" class=\"gallery-item item-animations-not-inited post-1844 page type-page status-publish\"> <div class=\"wrap gem-wrapbox-style-default\"> <div class=\"overlay-wrap\"> <div class=\"image-wrap \"> <picture> <img src=\"https:\/\/djpfashion.nl\/wp-content\/uploads\/2021\/05\/Lyxx_Antibite_SWEDTEAM_201106-5910_hr-scaled-thegem-gallery-justified.jpg\" width=\"660\" height=\"600\" class=\"attachment-thegem-gallery-justified\" alt=\"Lyxx_Antibite_SWEDTEAM_201106-5910_hr\" \/> <\/picture> <\/div> <div class=\"overlay \"> <div class=\"overlay-circle\"><\/div> <a href=\"https:\/\/djpfashion.nl\/wp-content\/uploads\/2021\/05\/Lyxx_Antibite_SWEDTEAM_201106-5910_hr-scaled.jpg\" class=\"gallery-item-link fancy-gallery\" data-fancybox=\"gallery-69d04fa0d0648\"> <span class=\"slide-info\"> <\/span> <\/a> <div class=\"overlay-content\"> <div class=\"overlay-content-center\"> <div class=\"overlay-content-inner\"> <a href=\"https:\/\/djpfashion.nl\/wp-content\/uploads\/2021\/05\/Lyxx_Antibite_SWEDTEAM_201106-5910_hr-scaled.jpg\" class=\"icon photo \" > <\/a> <div class=\"overlay-line\"><\/div> <\/div> <\/div> <\/div> <\/div> <\/div> <\/div> <\/li> <li style=\"padding: 21px\" class=\"gallery-item item-animations-not-inited post-1844 page type-page status-publish\"> <div class=\"wrap gem-wrapbox-style-default\"> <div class=\"overlay-wrap\"> <div class=\"image-wrap \"> <picture> <img src=\"https:\/\/djpfashion.nl\/wp-content\/uploads\/2021\/05\/100329-400-scaled-thegem-gallery-justified.jpg\" width=\"660\" height=\"600\" class=\"attachment-thegem-gallery-justified\" alt=\"100329-400\" \/> <\/picture> <\/div> <div class=\"overlay \"> <div class=\"overlay-circle\"><\/div> <a href=\"https:\/\/djpfashion.nl\/wp-content\/uploads\/2021\/05\/100329-400-scaled.jpg\" class=\"gallery-item-link fancy-gallery\" data-fancybox=\"gallery-69d04fa0d0648\"> <span class=\"slide-info\"> <\/span> <\/a> <div class=\"overlay-content\"> <div class=\"overlay-content-center\"> <div class=\"overlay-content-inner\"> <a href=\"https:\/\/djpfashion.nl\/wp-content\/uploads\/2021\/05\/100329-400-scaled.jpg\" class=\"icon photo \" > <\/a> <div class=\"overlay-line\"><\/div> <\/div> <\/div> <\/div> <\/div> <\/div> <\/div> <\/li> <\/ul> <\/div> <\/div> <\/div> <\/div>[vc_text_separator title_level=\u00a0\u00bbh6&Prime; title=\u00a0\u00bbuitgelicht\u00a0\u00bb color=\u00a0\u00bbblack\u00a0\u00bb]<div id=\"thegem-blog-69d04fa0d6ce26145\" class=\"blog blog-style-default clearfix item-animation-move-up\" data-next-page=\"0\">\n<article id=\"post-1850\" class=\"item-animations-not-inited post-1850 post type-post status-publish format-standard has-post-thumbnail category-swedteam-fr\"> <div class=\"item-post-container\"> <div class=\"item-post clearfix\"> <div class=\"post-image\"><div class=\"post-featured-content\"><a href=\"https:\/\/djpfashion.nl\/fr\/antibite\/\"> <picture> <img src=\"https:\/\/djpfashion.nl\/wp-content\/uploads\/2021\/05\/Lyxx_Antibite_SWEDTEAM_201106-4534_hr-1-scaled-thegem-blog-default-large.jpg\" width=\"1170\" height=\"540\" class=\"img-responsive\" alt=\"Lyxx_Antibite_SWEDTEAM_201106-4534_hr\" \/> <\/picture> <\/a><\/div><\/div> <div class=\"post-meta date-color\"> <div class=\"entry-meta clearfix gem-post-date\"> <div class=\"post-meta-right\"> <\/div> <div class=\"post-meta-left\"> <span class=\"post-meta-categories\"><a href=\"https:\/\/djpfashion.nl\/fr\/category\/swedteam-fr\/\" title=\"View all posts in Swedteam\">Swedteam<\/a><\/span> <\/div> <\/div><!-- .entry-meta --> <\/div> <div class=\"post-title\"> <h3 class=\"entry-title\"><a href=\"https:\/\/djpfashion.nl\/fr\/antibite\/\" rel=\"bookmark\"><span class=\"entry-title-date\"><\/span><span class=\"light\">ANTIBITE<\/span><\/a><\/h3> <\/div> <div class=\"post-text\"> <div class=\"summary\"> <p>Tous ceux qui passent du temps dans les bois et les champs savent \u00e0 quel point les moustiques et autres&#8230;<\/p> <\/div> <\/div> <div class=\"post-footer\"> <div class=\"post-footer-sharing\"><div class=\"gem-button-container gem-button-position-inline thegem-button-69d04fa0db4502503\" ><a class=\"gem-button gem-button-size-tiny gem-button-style-flat gem-button-text-weight-normal gem-button-empty\" data-ll-effect=\"drop-right-without-wrap\" style=\"border-radius: 3px;\" onmouseleave=\"\" onmouseenter=\"\" href=\"#\" target=\"_self\"><i class=\"gem-print-icon gem-icon-pack-thegem-icons gem-icon-share \"><\/i><\/a><\/div> <div class=\"sharing-popup\"> <div class=\"socials-sharing socials socials-colored-hover\"> <a class=\"socials-item\" target=\"_blank\" href=\"https:\/\/www.facebook.com\/sharer\/sharer.php?u=https%3A%2F%2Fdjpfashion.nl%2Ffr%2Fantibite%2F\" title=\"Facebook\"><i class=\"socials-item-icon facebook\"><\/i><\/a> <a class=\"socials-item\" target=\"_blank\" href=\"https:\/\/twitter.com\/intent\/tweet?text=ANTIBITE&#038;url=https%3A%2F%2Fdjpfashion.nl%2Ffr%2Fantibite%2F\" title=\"Twitter\"><i class=\"socials-item-icon twitter\"><\/i><\/a> <a class=\"socials-item\" target=\"_blank\" href=\"https:\/\/pinterest.com\/pin\/create\/button\/?url=https%3A%2F%2Fdjpfashion.nl%2Ffr%2Fantibite%2F&#038;description=ANTIBITE&#038;media=https%3A%2F%2Fdjpfashion.nl%2Fwp-content%2Fuploads%2F2021%2F05%2FLyxx_Antibite_SWEDTEAM_201106-4534_hr-1-scaled-thegem-blog-timeline-large.jpg\" title=\"Pinterest\"><i class=\"socials-item-icon pinterest\"><\/i><\/a> <a class=\"socials-item\" target=\"_blank\" href=\"http:\/\/tumblr.com\/widgets\/share\/tool?canonicalUrl=https%3A%2F%2Fdjpfashion.nl%2Ffr%2Fantibite%2F\" title=\"Tumblr\"><i class=\"socials-item-icon tumblr\"><\/i><\/a> <a class=\"socials-item\" target=\"_blank\" href=\"https:\/\/www.linkedin.com\/shareArticle?mini=true&#038;url=https%3A%2F%2Fdjpfashion.nl%2Ffr%2Fantibite%2F&#038;title=ANTIBITE&amp;summary=Tous+ceux+qui+passent+du+temps+dans+les+bois+et+les+champs+savent+%C3%A0+quel+point+les+moustiques+et+autres...\" title=\"LinkedIn\"><i class=\"socials-item-icon linkedin\"><\/i><\/a> <a class=\"socials-item\" target=\"_blank\" href=\"https:\/\/www.reddit.com\/submit?url=https%3A%2F%2Fdjpfashion.nl%2Ffr%2Fantibite%2F&#038;title=ANTIBITE\" title=\"Reddit\"><i class=\"socials-item-icon reddit\"><\/i><\/a> <\/div> <svg class=\"sharing-styled-arrow\"><use xlink:href=\"https:\/\/djpfashion.nl\/wp-content\/themes\/thegem\/css\/post-arrow.svg#dec-post-arrow\"><\/use><\/svg><\/div><\/div> <div class=\"post-read-more\"><div class=\"gem-button-container gem-button-position-inline thegem-button-69d04fa0dc9772520\" ><a class=\"gem-button gem-button-size-tiny gem-button-style-outline gem-button-text-weight-normal gem-button-border-2\" data-ll-effect=\"drop-right-without-wrap\" style=\"border-radius: 3px;\" onmouseleave=\"\" onmouseenter=\"\" href=\"https:\/\/djpfashion.nl\/fr\/antibite\/\" target=\"_self\">Read More<\/a><\/div> <\/div> <\/div> <\/div> <\/div> <\/article><!-- #post-1850 --> <article id=\"post-1859\" class=\"item-animations-not-inited post-1859 post type-post status-publish format-standard has-post-thumbnail category-swedteam-fr\"> <div class=\"item-post-container\"> <div class=\"item-post clearfix\"> <div class=\"post-image\"><div class=\"post-featured-content\"><a href=\"https:\/\/djpfashion.nl\/fr\/neonordic-jachttechnologie\/\"> <picture> <img src=\"https:\/\/djpfashion.nl\/wp-content\/uploads\/2020\/05\/Swedteam-19__2396_forlangd-1-thegem-blog-default-large.jpg\" width=\"1170\" height=\"540\" class=\"img-responsive\" alt=\"Gothiareklamfoto\" \/> <\/picture> <\/a><\/div><\/div> <div class=\"post-meta date-color\"> <div class=\"entry-meta clearfix gem-post-date\"> <div class=\"post-meta-right\"> <\/div> <div class=\"post-meta-left\"> <span class=\"post-meta-categories\"><a href=\"https:\/\/djpfashion.nl\/fr\/category\/swedteam-fr\/\" title=\"View all posts in Swedteam\">Swedteam<\/a><\/span> <\/div> <\/div><!-- .entry-meta --> <\/div> <div class=\"post-title\"> <h3 class=\"entry-title\"><a href=\"https:\/\/djpfashion.nl\/fr\/neonordic-jachttechnologie\/\" rel=\"bookmark\"><span class=\"entry-title-date\"><\/span><span class=\"light\">NEONORDIC\u00ae jacht-technologie<\/span><\/a><\/h3> <\/div> <div class=\"post-text\"> <div class=\"summary\"> <p>Con\u00e7u pour des exp\u00e9riences proches de la nature dans des climats exigeants et changeants. Tous ceux qui ont chass\u00e9 connaissent&#8230;<\/p> <\/div> <\/div> <div class=\"post-footer\"> <div class=\"post-footer-sharing\"><div class=\"gem-button-container gem-button-position-inline thegem-button-69d04fa0df1ae35\" ><a class=\"gem-button gem-button-size-tiny gem-button-style-flat gem-button-text-weight-normal gem-button-empty\" data-ll-effect=\"drop-right-without-wrap\" style=\"border-radius: 3px;\" onmouseleave=\"\" onmouseenter=\"\" href=\"#\" target=\"_self\"><i class=\"gem-print-icon gem-icon-pack-thegem-icons gem-icon-share \"><\/i><\/a><\/div> <div class=\"sharing-popup\"> <div class=\"socials-sharing socials socials-colored-hover\"> <a class=\"socials-item\" target=\"_blank\" href=\"https:\/\/www.facebook.com\/sharer\/sharer.php?u=https%3A%2F%2Fdjpfashion.nl%2Ffr%2Fneonordic-jachttechnologie%2F\" title=\"Facebook\"><i class=\"socials-item-icon facebook\"><\/i><\/a> <a class=\"socials-item\" target=\"_blank\" href=\"https:\/\/twitter.com\/intent\/tweet?text=NEONORDIC%C2%AE+jacht-technologie&#038;url=https%3A%2F%2Fdjpfashion.nl%2Ffr%2Fneonordic-jachttechnologie%2F\" title=\"Twitter\"><i class=\"socials-item-icon twitter\"><\/i><\/a> <a class=\"socials-item\" target=\"_blank\" href=\"https:\/\/pinterest.com\/pin\/create\/button\/?url=https%3A%2F%2Fdjpfashion.nl%2Ffr%2Fneonordic-jachttechnologie%2F&#038;description=NEONORDIC%C2%AE+jacht-technologie&#038;media=https%3A%2F%2Fdjpfashion.nl%2Fwp-content%2Fuploads%2F2020%2F05%2FSwedteam-19__2396_forlangd-1-thegem-blog-timeline-large.jpg\" title=\"Pinterest\"><i class=\"socials-item-icon pinterest\"><\/i><\/a> <a class=\"socials-item\" target=\"_blank\" href=\"http:\/\/tumblr.com\/widgets\/share\/tool?canonicalUrl=https%3A%2F%2Fdjpfashion.nl%2Ffr%2Fneonordic-jachttechnologie%2F\" title=\"Tumblr\"><i class=\"socials-item-icon tumblr\"><\/i><\/a> <a class=\"socials-item\" target=\"_blank\" href=\"https:\/\/www.linkedin.com\/shareArticle?mini=true&#038;url=https%3A%2F%2Fdjpfashion.nl%2Ffr%2Fneonordic-jachttechnologie%2F&#038;title=NEONORDIC%C2%AE+jacht-technologie&amp;summary=Con%C3%A7u+pour+des+exp%C3%A9riences+proches+de+la+nature+dans+des+climats+exigeants+et+changeants.+Tous+ceux+qui+ont+chass%C3%A9+connaissent...\" title=\"LinkedIn\"><i class=\"socials-item-icon linkedin\"><\/i><\/a> <a class=\"socials-item\" target=\"_blank\" href=\"https:\/\/www.reddit.com\/submit?url=https%3A%2F%2Fdjpfashion.nl%2Ffr%2Fneonordic-jachttechnologie%2F&#038;title=NEONORDIC%C2%AE+jacht-technologie\" title=\"Reddit\"><i class=\"socials-item-icon reddit\"><\/i><\/a> <\/div> <svg class=\"sharing-styled-arrow\"><use xlink:href=\"https:\/\/djpfashion.nl\/wp-content\/themes\/thegem\/css\/post-arrow.svg#dec-post-arrow\"><\/use><\/svg><\/div><\/div> <div class=\"post-read-more\"><div class=\"gem-button-container gem-button-position-inline thegem-button-69d04fa0e0292109\" ><a class=\"gem-button gem-button-size-tiny gem-button-style-outline gem-button-text-weight-normal gem-button-border-2\" data-ll-effect=\"drop-right-without-wrap\" style=\"border-radius: 3px;\" onmouseleave=\"\" onmouseenter=\"\" href=\"https:\/\/djpfashion.nl\/fr\/neonordic-jachttechnologie\/\" target=\"_self\">Read More<\/a><\/div> <\/div> <\/div> <\/div> <\/div> <\/article><!-- #post-1859 --> <article id=\"post-1868\" class=\"item-animations-not-inited post-1868 post type-post status-publish format-standard has-post-thumbnail category-swedteam-fr\"> <div class=\"item-post-container\"> <div class=\"item-post clearfix\"> <div class=\"post-image\"><div class=\"post-featured-content\"><a href=\"https:\/\/djpfashion.nl\/fr\/desolve\/\"> <picture> <img src=\"https:\/\/djpfashion.nl\/wp-content\/uploads\/2020\/05\/201908_Bushwear-SwedTeam_Stuart-McMillan-Photography_1007-2-thegem-blog-default-large.jpg\" width=\"1170\" height=\"540\" class=\"img-responsive\" alt=\"201908_Bushwear - SwedTeam_Stuart McMillan Photography_1007 (2)\" \/> <\/picture> <\/a><\/div><\/div> <div class=\"post-meta date-color\"> <div class=\"entry-meta clearfix gem-post-date\"> <div class=\"post-meta-right\"> <\/div> <div class=\"post-meta-left\"> <span class=\"post-meta-categories\"><a href=\"https:\/\/djpfashion.nl\/fr\/category\/swedteam-fr\/\" title=\"View all posts in Swedteam\">Swedteam<\/a><\/span> <\/div> <\/div><!-- .entry-meta --> <\/div> <div class=\"post-title\"> <h3 class=\"entry-title\"><a href=\"https:\/\/djpfashion.nl\/fr\/desolve\/\" rel=\"bookmark\"><span class=\"entry-title-date\"><\/span><span class=\"light\">DESOLVE<\/span><\/a><\/h3> <\/div> <div class=\"post-text\"> <div class=\"summary\"> <p>Les chasseurs sont toujours \u00e0 la recherche du meilleur camouflage pour se rendre invisibles aux animaux. Ce que voient les&#8230;<\/p> <\/div> <\/div> <div class=\"post-footer\"> <div class=\"post-footer-sharing\"><div class=\"gem-button-container gem-button-position-inline thegem-button-69d04fa0e26733866\" ><a class=\"gem-button gem-button-size-tiny gem-button-style-flat gem-button-text-weight-normal gem-button-empty\" data-ll-effect=\"drop-right-without-wrap\" style=\"border-radius: 3px;\" onmouseleave=\"\" onmouseenter=\"\" href=\"#\" target=\"_self\"><i class=\"gem-print-icon gem-icon-pack-thegem-icons gem-icon-share \"><\/i><\/a><\/div> <div class=\"sharing-popup\"> <div class=\"socials-sharing socials socials-colored-hover\"> <a class=\"socials-item\" target=\"_blank\" href=\"https:\/\/www.facebook.com\/sharer\/sharer.php?u=https%3A%2F%2Fdjpfashion.nl%2Ffr%2Fdesolve%2F\" title=\"Facebook\"><i class=\"socials-item-icon facebook\"><\/i><\/a> <a class=\"socials-item\" target=\"_blank\" href=\"https:\/\/twitter.com\/intent\/tweet?text=DESOLVE&#038;url=https%3A%2F%2Fdjpfashion.nl%2Ffr%2Fdesolve%2F\" title=\"Twitter\"><i class=\"socials-item-icon twitter\"><\/i><\/a> <a class=\"socials-item\" target=\"_blank\" href=\"https:\/\/pinterest.com\/pin\/create\/button\/?url=https%3A%2F%2Fdjpfashion.nl%2Ffr%2Fdesolve%2F&#038;description=DESOLVE&#038;media=https%3A%2F%2Fdjpfashion.nl%2Fwp-content%2Fuploads%2F2020%2F05%2F201908_Bushwear-SwedTeam_Stuart-McMillan-Photography_1007-2-thegem-blog-timeline-large.jpg\" title=\"Pinterest\"><i class=\"socials-item-icon pinterest\"><\/i><\/a> <a class=\"socials-item\" target=\"_blank\" href=\"http:\/\/tumblr.com\/widgets\/share\/tool?canonicalUrl=https%3A%2F%2Fdjpfashion.nl%2Ffr%2Fdesolve%2F\" title=\"Tumblr\"><i class=\"socials-item-icon tumblr\"><\/i><\/a> <a class=\"socials-item\" target=\"_blank\" href=\"https:\/\/www.linkedin.com\/shareArticle?mini=true&#038;url=https%3A%2F%2Fdjpfashion.nl%2Ffr%2Fdesolve%2F&#038;title=DESOLVE&amp;summary=Les+chasseurs+sont+toujours+%C3%A0+la+recherche+du+meilleur+camouflage+pour+se+rendre+invisibles+aux+animaux.+Ce+que+voient+les...\" title=\"LinkedIn\"><i class=\"socials-item-icon linkedin\"><\/i><\/a> <a class=\"socials-item\" target=\"_blank\" href=\"https:\/\/www.reddit.com\/submit?url=https%3A%2F%2Fdjpfashion.nl%2Ffr%2Fdesolve%2F&#038;title=DESOLVE\" title=\"Reddit\"><i class=\"socials-item-icon reddit\"><\/i><\/a> <\/div> <svg class=\"sharing-styled-arrow\"><use xlink:href=\"https:\/\/djpfashion.nl\/wp-content\/themes\/thegem\/css\/post-arrow.svg#dec-post-arrow\"><\/use><\/svg><\/div><\/div> <div class=\"post-read-more\"><div class=\"gem-button-container gem-button-position-inline thegem-button-69d04fa0e38177081\" ><a class=\"gem-button gem-button-size-tiny gem-button-style-outline gem-button-text-weight-normal gem-button-border-2\" data-ll-effect=\"drop-right-without-wrap\" style=\"border-radius: 3px;\" onmouseleave=\"\" onmouseenter=\"\" href=\"https:\/\/djpfashion.nl\/fr\/desolve\/\" target=\"_self\">Read More<\/a><\/div> <\/div> <\/div> <\/div> <\/div> <\/article><!-- #post-1868 -->\n<\/div>[\/vc_column][\/vc_row][vc_row][vc_column][\/vc_column][\/vc_row]<\/p>\n<\/div>","protected":false},"excerpt":{"rendered":"<p>[vc_row][vc_column][vc_column_text][\/vc_column_text][\/vc_column][\/vc_row][vc_row css=\u00a0\u00bb.vc_custom_1511178027038{margin-bottom: 0px !important;}\u00a0\u00bb][vc_column][\/vc_column][\/vc_row][vc_row full_width=\u00a0\u00bbstretch_row\u00a0\u00bb css=\u00a0\u00bb.vc_custom_1511177893404{margin-bottom: 0px !important;}\u00a0\u00bb][vc_column offset=\u00a0\u00bbvc_col-md-6&Prime;][\/vc_column][vc_column offset=\u00a0\u00bbvc_col-lg-offset-0 vc_col-md-offset-0 vc_col-md-6 vc_col-sm-offset-0&Prime;][vc_column_text css=\u00a0\u00bb.vc_custom_1588068793236{margin-top: -12px !important;}\u00a0\u00bb] Swedteam 1 [\/vc_column_text][vc_column_text]Setting new&#8230;<\/p>\n","protected":false},"author":2,"featured_media":0,"parent":0,"menu_order":0,"comment_status":"closed","ping_status":"closed","template":"","meta":{"footnotes":""},"class_list":["post-1844","page","type-page","status-publish"],"_links":{"self":[{"href":"https:\/\/djpfashion.nl\/fr\/wp-json\/wp\/v2\/pages\/1844","targetHints":{"allow":["GET"]}}],"collection":[{"href":"https:\/\/djpfashion.nl\/fr\/wp-json\/wp\/v2\/pages"}],"about":[{"href":"https:\/\/djpfashion.nl\/fr\/wp-json\/wp\/v2\/types\/page"}],"author":[{"embeddable":true,"href":"https:\/\/djpfashion.nl\/fr\/wp-json\/wp\/v2\/users\/2"}],"replies":[{"embeddable":true,"href":"https:\/\/djpfashion.nl\/fr\/wp-json\/wp\/v2\/comments?post=1844"}],"version-history":[{"count":1,"href":"https:\/\/djpfashion.nl\/fr\/wp-json\/wp\/v2\/pages\/1844\/revisions"}],"predecessor-version":[{"id":1846,"href":"https:\/\/djpfashion.nl\/fr\/wp-json\/wp\/v2\/pages\/1844\/revisions\/1846"}],"wp:attachment":[{"href":"https:\/\/djpfashion.nl\/fr\/wp-json\/wp\/v2\/media?parent=1844"}],"curies":[{"name":"wp","href":"https:\/\/api.w.org\/{rel}","templated":true}]}}