{"id":1876,"date":"2017-11-17T13:27:09","date_gmt":"2017-11-17T13:27:09","guid":{"rendered":"https:\/\/djpfashion.nl\/alan-paine\/"},"modified":"2024-02-09T11:04:46","modified_gmt":"2024-02-09T11:04:46","slug":"alan-paine","status":"publish","type":"page","link":"https:\/\/djpfashion.nl\/fr\/alan-paine\/","title":{"rendered":"Alan Paine"},"content":{"rendered":"<div class=\"wpb-content-wrapper\"><p>[vc_row][vc_column][vc_column_text][\/vc_column_text]<div class=\"clearboth\"><\/div><style>#thegem-divider-69d04fa0e4267 {margin-top: 80px !important;}<\/style><div id=\"thegem-divider-69d04fa0e4267\" class=\"gem-divider  \" style=\"\" ><\/div>[\/vc_column][\/vc_row][vc_row full_width=\u00a0\u00bbstretch_row\u00a0\u00bb css=\u00a0\u00bb.vc_custom_1511177893404{margin-bottom: 0px !important;}\u00a0\u00bb][vc_column offset=\u00a0\u00bbvc_col-md-6&Prime;]<div class=\"clearboth\"><\/div><style>#thegem-divider-69d04fa0e42d4 {margin-top: 110px !important;}<\/style><div id=\"thegem-divider-69d04fa0e42d4\" class=\"gem-divider  \" style=\"\" ><\/div><div class=\"gem-image gem-wrapbox gem-wrapbox-style-default gem-wrapbox-position-below  thegem-custom-69d04fa0e43298798\"  style=\"\" ><div class=\"gem-wrapbox-inner \" ><img class=\"gem-wrapbox-element img-responsive\" src=\"https:\/\/djpfashion.nl\/wp-content\/uploads\/2020\/04\/Master_AlanPaine_CC_Logo.png\" alt=\"\"\/><\/div><\/div>[\/vc_column][vc_column offset=\u00a0\u00bbvc_col-lg-offset-0 vc_col-md-offset-0 vc_col-md-6 vc_col-sm-offset-0&Prime;][vc_column_text css=\u00a0\u00bb.vc_custom_1706880584648{margin-top: -12px !important;}\u00a0\u00bb]<\/p>\n<div class=\"title-h2\" style=\"text-align: left; margin-bottom: 20px;\">\n<p class=\"p1\">Une histoire riche<\/p>\n<\/div>\n<div style=\"width: 55px; height: 3px; background: #1e3c37; text-indent: 9999px;\">1<\/div>\n<p>[\/vc_column_text]<div class=\"clearboth\"><\/div><style>#thegem-divider-69d04fa0e4a21 {margin-top: 43px !important;}<\/style><div id=\"thegem-divider-69d04fa0e4a21\" class=\"gem-divider  \" style=\"\" ><\/div>[vc_column_text]<\/p>\n<p class=\"p1\">En 1907, William Paine a fond\u00e9 cette c\u00e9l\u00e8bre marque de tricot \u00e0 Godalming, dans le Surrey, et l&rsquo;a appel\u00e9e Paines of Godalming. Godalming \u00e9tait alors une petite ville avec une longue histoire de production de laine. William d\u00e9couvre quelques machines \u00e0 tricoter dans un vieil entrep\u00f4t situ\u00e9 derri\u00e8re le magasin, apprend \u00e0 tricoter, \u00e0 lui-m\u00eame et \u00e0 d&rsquo;autres, et commence \u00e0 fabriquer des v\u00eatements tricot\u00e9s, d\u00e9veloppant sans doute les premiers pull-overs en tricot c\u00e2bl\u00e9.<\/p>\n<p>En 1920, l&rsquo;entreprise s&rsquo;est d\u00e9velopp\u00e9e pour fournir des boutiques sp\u00e9cialis\u00e9es, principalement en ajoutant la garniture Club Colour \u00e0 un pull-over en tricot \u00e0 mailles nou\u00e9es. Le carnet d&rsquo;\u00e9chantillons contenait une petite laine d&rsquo;acier pour chaque client, qui pouvait \u00eatre utilis\u00e9e pour confectionner un pull aux couleurs du club, de l&rsquo;\u00e9cole ou du r\u00e9giment.<\/p>\n<p>Les pull-overs en c\u00e2ble deviennent de plus en plus populaires \u00e0 cette \u00e9poque. Au cours de cette d\u00e9cennie, le patron officieux le plus c\u00e9l\u00e8bre d&rsquo;Alan Paine, le prince de Galles (plus tard appel\u00e9 \u00c9douard VIII), a command\u00e9 ses propres maillots personnalis\u00e9s, aux couleurs de son r\u00e9giment.<\/p>\n<p>En 1940, Paines avait acquis une telle r\u00e9putation pour la qualit\u00e9 de son travail que l&rsquo;entreprise a \u00e9t\u00e9 charg\u00e9e de fabriquer des maillots en laine pour les forces arm\u00e9es britanniques, en particulier la marine. En 1942, Alan Paine emploie 400 personnes \u00e0 Godalming et 200 au Pays de Galles.<\/p>\n<p>[\/vc_column_text][\/vc_column][\/vc_row][vc_row full_width=\u00a0\u00bbstretch_row\u00a0\u00bb css=\u00a0\u00bb.vc_custom_1511177893404{margin-bottom: 0px !important;}\u00a0\u00bb][vc_column offset=\u00a0\u00bbvc_col-md-6&Prime;][vc_column_text]<\/p>\n<p class=\"p1\">En 1950, Alan, le fils de William, a repris Paine of Godalming et a chang\u00e9 le nom de la soci\u00e9t\u00e9 en Alan Paine. Au cours des ann\u00e9es 1950 et 1960, Alan Paine recherche de nouvelles opportunit\u00e9s de vente tout en \u00e9tudiant de nouvelles machines et en formant ses tricoteurs et employ\u00e9s hautement qualifi\u00e9s. Il redynamise l&rsquo;entreprise et entame une nouvelle \u00e8re d&rsquo;expansion et de croissance. C&rsquo;est \u00e9galement le d\u00e9but de l&rsquo;expansion aux \u00c9tats-Unis.<\/p>\n<p>En 1970, l&rsquo;entreprise re\u00e7oit le deuxi\u00e8me Queen&rsquo;s Award for Outstanding Export Achievement. En 1973, la Worshipful Company of Woolmen demande \u00e0 Alan Paine de tricoter deux pulls en vigogne comme cadeau de mariage pour la princesse Anne (fille de la reine \u00c9lisabeth II et du prince Philip) et le capitaine Mark Philips.<\/p>\n<p>Richard, le fils a\u00een\u00e9 d&rsquo;Alan, a \u00e9t\u00e9 nomm\u00e9 directeur g\u00e9n\u00e9ral en 1976. Son fils cadet Nigel a jou\u00e9 un r\u00f4le cl\u00e9 dans le d\u00e9veloppement du march\u00e9 nord-am\u00e9ricain jusqu&rsquo;\u00e0 sa retraite en 2010.<\/p>\n<p>L&rsquo;entreprise a connu plusieurs propri\u00e9taires au cours des ann\u00e9es 1990 avant d&rsquo;\u00eatre rachet\u00e9e par James Hinton, l&rsquo;actuel propri\u00e9taire, en 2006. James a rejoint l&rsquo;entreprise en 1986 en tant que repr\u00e9sentant commercial et, au fil des ans, il a gravi les \u00e9chelons jusqu&rsquo;\u00e0 devenir directeur des ventes et directeur g\u00e9n\u00e9ral en 2003. Apr\u00e8s le rachat par James Hinton, Alan Paine est retourn\u00e9 \u00e0 ses racines et l&rsquo;entreprise est redevenue une propri\u00e9t\u00e9 familiale.<\/p>\n<p>En 2009, Alan Paine a lanc\u00e9 sa collection de v\u00eatements de campagne avec des tweeds \u00e9l\u00e9gants, des vestes et des pantalons imperm\u00e9ables, des polaires polyvalentes, des duvets, de la cire et des accessoires.<\/p>\n<p>[\/vc_column_text][\/vc_column][vc_column offset=\u00a0\u00bbvc_col-lg-offset-0 vc_col-md-offset-0 vc_col-md-6 vc_col-sm-offset-0&Prime;]<div class=\"gem-image gem-wrapbox gem-wrapbox-style-default gem-wrapbox-position-below  thegem-custom-69d04fa0e4a72708\"  style=\"\" ><div class=\"gem-wrapbox-inner \" ><img class=\"gem-wrapbox-element img-responsive\" src=\"https:\/\/djpfashion.nl\/wp-content\/uploads\/2020\/04\/Alan-Paine-Combrook-Mens-Shooting-Suit-in-Elm-1.jpg\" alt=\"\"\/><\/div><\/div>[\/vc_column][\/vc_row][vc_row][vc_column][vc_row_inner][vc_column_inner]<div class=\"clearboth\"><\/div><style>#thegem-divider-69d04fa0e5195 {margin-top: 43px !important;}<\/style><div id=\"thegem-divider-69d04fa0e5195\" class=\"gem-divider  \" style=\"\" ><\/div><style>.gem-gallery-grid#style-69d04fa0e590c .gallery-item { padding: calc(42px\/2) !important; }.gem-gallery-grid#style-69d04fa0e590c .gallery-set { margin-top: calc(-42px\/2); margin-bottom: calc(-42px\/2); }.gem-gallery-grid#style-69d04fa0e590c .not-fullwidth-block .gallery-set, .gem-gallery-grid#style-69d04fa0e590c .not-fullwidth-block .portfolio-item-size-container { margin-left: calc(-42px\/2); margin-right: calc(-42px\/2); }.gem-gallery-grid#style-69d04fa0e590c .fullwidth-block { padding-left: calc(42px\/2); padding-right: calc(42px\/2); }.gem-gallery-grid#style-69d04fa0e590c .portfolio-filters { text-align: center }<\/style> <div class=\"gallery-preloader-wrapper\"> <div class=\"row\"> <div id=\"style-69d04fa0e590c\" class=\"gem-gallery-grid col-lg-12 col-md-12 col-sm-12 gallery-style-justified hover-zooming-blur loading-animation item-animation-move-up columns-4 columns-tablet-2 columns-mobile-1 gaps-margin disable-isotope \" data-hover=\"zooming-blur\" data-uid=\"69d04fa0e590c\" data-filter=\"[]\"> <div class=\"portfolio not-fullwidth-block \"> <ul class=\"gallery-set clearfix\" data-max-row-height=\"280\"> <li style=\"padding: 21px\" class=\"gallery-item item-animations-not-inited post-1876 page type-page status-publish\"> <div class=\"wrap gem-wrapbox-style-default\"> <div class=\"overlay-wrap\"> <div class=\"image-wrap \"> <picture> <img src=\"https:\/\/djpfashion.nl\/wp-content\/uploads\/2020\/04\/Alan-Paine-AW19-Combrook-Tweeds-thegem-gallery-justified.jpg\" width=\"660\" height=\"600\" class=\"attachment-thegem-gallery-justified\" alt=\"Alan Paine AW19 Combrook Tweeds\" \/> <\/picture> <\/div> <div class=\"overlay \"> <div class=\"overlay-circle\"><\/div> <a href=\"https:\/\/djpfashion.nl\/wp-content\/uploads\/2020\/04\/Alan-Paine-AW19-Combrook-Tweeds.jpg\" class=\"gallery-item-link fancy-gallery\" data-fancybox=\"gallery-69d04fa0e590c\"> <span class=\"slide-info\"> <\/span> <\/a> <div class=\"overlay-content\"> <div class=\"overlay-content-center\"> <div class=\"overlay-content-inner\"> <a href=\"https:\/\/djpfashion.nl\/wp-content\/uploads\/2020\/04\/Alan-Paine-AW19-Combrook-Tweeds.jpg\" class=\"icon photo \" > <\/a> <div class=\"overlay-line\"><\/div> <\/div> <\/div> <\/div> <\/div> <\/div> <\/div> <\/li> <li style=\"padding: 21px\" class=\"gallery-item item-animations-not-inited post-1876 page type-page status-publish\"> <div class=\"wrap gem-wrapbox-style-default\"> <div class=\"overlay-wrap\"> <div class=\"image-wrap \"> <picture> <img src=\"https:\/\/djpfashion.nl\/wp-content\/uploads\/2020\/04\/Alan-Paine-Combrook-Mens-Shooting-Waistcoat-in-Elm-Streetly-Vee-Neck-in-Tiger-1-thegem-gallery-justified.jpg\" width=\"660\" height=\"600\" class=\"attachment-thegem-gallery-justified\" alt=\"Alan Paine Combrook Men&#039;s Shooting Waistcoat in Elm &amp; Streetly Vee Neck in Tiger (1)\" \/> <\/picture> <\/div> <div class=\"overlay \"> <div class=\"overlay-circle\"><\/div> <a href=\"https:\/\/djpfashion.nl\/wp-content\/uploads\/2020\/04\/Alan-Paine-Combrook-Mens-Shooting-Waistcoat-in-Elm-Streetly-Vee-Neck-in-Tiger-1.jpg\" class=\"gallery-item-link fancy-gallery\" data-fancybox=\"gallery-69d04fa0e590c\"> <span class=\"slide-info\"> <\/span> <\/a> <div class=\"overlay-content\"> <div class=\"overlay-content-center\"> <div class=\"overlay-content-inner\"> <a href=\"https:\/\/djpfashion.nl\/wp-content\/uploads\/2020\/04\/Alan-Paine-Combrook-Mens-Shooting-Waistcoat-in-Elm-Streetly-Vee-Neck-in-Tiger-1.jpg\" class=\"icon photo \" > <\/a> <div class=\"overlay-line\"><\/div> <\/div> <\/div> <\/div> <\/div> <\/div> <\/div> <\/li> <li style=\"padding: 21px\" class=\"gallery-item item-animations-not-inited post-1876 page type-page status-publish\"> <div class=\"wrap gem-wrapbox-style-default\"> <div class=\"overlay-wrap\"> <div class=\"image-wrap \"> <picture> <img src=\"https:\/\/djpfashion.nl\/wp-content\/uploads\/2020\/04\/Alan-Paine-Surrey-Mixed-thegem-gallery-justified.jpg\" width=\"660\" height=\"600\" class=\"attachment-thegem-gallery-justified\" alt=\"Alan Paine Surrey Mixed\" \/> <\/picture> <\/div> <div class=\"overlay \"> <div class=\"overlay-circle\"><\/div> <a href=\"https:\/\/djpfashion.nl\/wp-content\/uploads\/2020\/04\/Alan-Paine-Surrey-Mixed.jpg\" class=\"gallery-item-link fancy-gallery\" data-fancybox=\"gallery-69d04fa0e590c\"> <span class=\"slide-info\"> <\/span> <\/a> <div class=\"overlay-content\"> <div class=\"overlay-content-center\"> <div class=\"overlay-content-inner\"> <a href=\"https:\/\/djpfashion.nl\/wp-content\/uploads\/2020\/04\/Alan-Paine-Surrey-Mixed.jpg\" class=\"icon photo \" > <\/a> <div class=\"overlay-line\"><\/div> <\/div> <\/div> <\/div> <\/div> <\/div> <\/div> <\/li> <li style=\"padding: 21px\" class=\"gallery-item item-animations-not-inited post-1876 page type-page status-publish\"> <div class=\"wrap gem-wrapbox-style-default\"> <div class=\"overlay-wrap\"> <div class=\"image-wrap \"> <picture> <img src=\"https:\/\/djpfashion.nl\/wp-content\/uploads\/2020\/04\/Alan-Paine-Surrey-Mens-Ladies-Tweed-Blazers-thegem-gallery-justified.jpg\" width=\"660\" height=\"600\" class=\"attachment-thegem-gallery-justified\" alt=\"Alan Paine Surrey Men&#039;s &amp; Ladies Tweed Blazers\" \/> <\/picture> <\/div> <div class=\"overlay \"> <div class=\"overlay-circle\"><\/div> <a href=\"https:\/\/djpfashion.nl\/wp-content\/uploads\/2020\/04\/Alan-Paine-Surrey-Mens-Ladies-Tweed-Blazers.jpg\" class=\"gallery-item-link fancy-gallery\" data-fancybox=\"gallery-69d04fa0e590c\"> <span class=\"slide-info\"> <\/span> <\/a> <div class=\"overlay-content\"> <div class=\"overlay-content-center\"> <div class=\"overlay-content-inner\"> <a href=\"https:\/\/djpfashion.nl\/wp-content\/uploads\/2020\/04\/Alan-Paine-Surrey-Mens-Ladies-Tweed-Blazers.jpg\" class=\"icon photo \" > <\/a> <div class=\"overlay-line\"><\/div> <\/div> <\/div> <\/div> <\/div> <\/div> <\/div> <\/li> <\/ul> <\/div> <\/div> <\/div> <\/div>[\/vc_column_inner][\/vc_row_inner][\/vc_column][\/vc_row]<\/p>\n<\/div>","protected":false},"excerpt":{"rendered":"<p>[vc_row][vc_column][vc_column_text][\/vc_column_text][\/vc_column][\/vc_row][vc_row full_width=\u00a0\u00bbstretch_row\u00a0\u00bb css=\u00a0\u00bb.vc_custom_1511177893404{margin-bottom: 0px !important;}\u00a0\u00bb][vc_column offset=\u00a0\u00bbvc_col-md-6&Prime;][\/vc_column][vc_column offset=\u00a0\u00bbvc_col-lg-offset-0 vc_col-md-offset-0 vc_col-md-6 vc_col-sm-offset-0&Prime;][vc_column_text css=\u00a0\u00bb.vc_custom_1706880584648{margin-top: -12px !important;}\u00a0\u00bb] Une histoire riche 1 [\/vc_column_text][vc_column_text] En 1907,&#8230;<\/p>\n","protected":false},"author":2,"featured_media":0,"parent":0,"menu_order":0,"comment_status":"closed","ping_status":"closed","template":"","meta":{"footnotes":""},"class_list":["post-1876","page","type-page","status-publish"],"_links":{"self":[{"href":"https:\/\/djpfashion.nl\/fr\/wp-json\/wp\/v2\/pages\/1876","targetHints":{"allow":["GET"]}}],"collection":[{"href":"https:\/\/djpfashion.nl\/fr\/wp-json\/wp\/v2\/pages"}],"about":[{"href":"https:\/\/djpfashion.nl\/fr\/wp-json\/wp\/v2\/types\/page"}],"author":[{"embeddable":true,"href":"https:\/\/djpfashion.nl\/fr\/wp-json\/wp\/v2\/users\/2"}],"replies":[{"embeddable":true,"href":"https:\/\/djpfashion.nl\/fr\/wp-json\/wp\/v2\/comments?post=1876"}],"version-history":[{"count":2,"href":"https:\/\/djpfashion.nl\/fr\/wp-json\/wp\/v2\/pages\/1876\/revisions"}],"predecessor-version":[{"id":1879,"href":"https:\/\/djpfashion.nl\/fr\/wp-json\/wp\/v2\/pages\/1876\/revisions\/1879"}],"wp:attachment":[{"href":"https:\/\/djpfashion.nl\/fr\/wp-json\/wp\/v2\/media?parent=1876"}],"curies":[{"name":"wp","href":"https:\/\/api.w.org\/{rel}","templated":true}]}}