{"id":1883,"date":"2020-12-26T10:31:58","date_gmt":"2020-12-26T10:31:58","guid":{"rendered":"https:\/\/djpfashion.nl\/treksta\/"},"modified":"2024-02-09T11:04:24","modified_gmt":"2024-02-09T11:04:24","slug":"treksta","status":"publish","type":"page","link":"https:\/\/djpfashion.nl\/fr\/treksta\/","title":{"rendered":"Treksta"},"content":{"rendered":"<div class=\"wpb-content-wrapper\"><p>[vc_row][vc_column][vc_column_text][\/vc_column_text][\/vc_column][\/vc_row][vc_row css=\u00a0\u00bb.vc_custom_1511178027038{margin-bottom: 0px !important;}\u00a0\u00bb][vc_column]<div class=\"clearboth\"><\/div><style>#thegem-divider-69e5a2d0a0ac0 {margin-top: 150px !important;}<\/style><div id=\"thegem-divider-69e5a2d0a0ac0\" class=\"gem-divider  \" style=\"\" ><\/div>[\/vc_column][\/vc_row][vc_row full_width=\u00a0\u00bbstretch_row\u00a0\u00bb css=\u00a0\u00bb.vc_custom_1511177893404{margin-bottom: 0px !important;}\u00a0\u00bb][vc_column offset=\u00a0\u00bbvc_col-md-6&Prime;]<div class=\"gem-image gem-wrapbox gem-wrapbox-style-default gem-wrapbox-position-below  thegem-custom-69e5a2d0a0b35227\"  style=\"\" ><div class=\"gem-wrapbox-inner \" ><img class=\"gem-wrapbox-element img-responsive\" src=\"https:\/\/djpfashion.nl\/wp-content\/uploads\/2020\/12\/Treksta-1024x517-1.png\" alt=\"\"\/><\/div><\/div>[\/vc_column][vc_column offset=\u00a0\u00bbvc_col-lg-offset-0 vc_col-md-offset-0 vc_col-md-6 vc_col-sm-offset-0&Prime;][vc_column_text css=\u00a0\u00bb.vc_custom_1706880802401{margin-top: -12px !important;}\u00a0\u00bb]<\/p>\n<div class=\"title-h2\" style=\"text-align: left; margin-bottom: 20px;\">\n<p class=\"p1\">Technologie NestFIT<\/p>\n<\/div>\n<div style=\"width: 55px; height: 3px; background: #9e1510; text-indent: 9999px;\">1<\/div>\n<p>[\/vc_column_text]<div class=\"clearboth\"><\/div><style>#thegem-divider-69e5a2d0a12be {margin-top: 43px !important;}<\/style><div id=\"thegem-divider-69e5a2d0a12be\" class=\"gem-divider  \" style=\"\" ><\/div>[vc_column_text]<\/p>\n<p class=\"p1\">Les premi\u00e8res chaussures v\u00e9ritablement con\u00e7ues pour s&rsquo;adapter aux pieds humains.<\/p>\n<p>Dans le pass\u00e9, la forme conventionnelle de la chaussure \u00e9tait toujours con\u00e7ue pour une forme de pied g\u00e9n\u00e9rale. Depuis les premiers jours jusqu&rsquo;\u00e0 aujourd&rsquo;hui, la forme de la chaussure n&rsquo;a pas beaucoup chang\u00e9. La technologie NestFIT de Treksta est n\u00e9e des mesures d&rsquo;environ 20 000 pieds individuels, des pieds humains&#8230; comme les v\u00f4tres.<\/p>\n<p>NestFIT a conserv\u00e9 la courbe et l&rsquo;angle naturels de la bo\u00eete \u00e0 orteils. Contrairement aux chaussures conventionnelles, la forme finale r\u00e9volutionnaire de NestFIT garantit que la tige, la semelle int\u00e9rieure, la semelle interm\u00e9diaire et la semelle ext\u00e9rieure s&rsquo;adaptent parfaitement \u00e0 votre pied, offrant ainsi un ajustement personnalis\u00e9 sans pareil. De plus, NestFIT permet \u00e0 vos orteils de s&rsquo;\u00e9carter naturellement pour un meilleur \u00e9quilibre, sans pincement.<\/p>\n<p>La technologie NestFIT est une technologie r\u00e9volutionnaire qui offre un confort maximal \u00e0 vos pieds.<\/p>\n<p>Gr\u00e2ce \u00e0 la technologie de num\u00e9risation 3D, nous avons analys\u00e9 les pieds de plus de 20 000 personnes et cr\u00e9\u00e9 une carte des contours pour repr\u00e9senter confortablement les 226 os et 33 articulations du pied humain. Par cons\u00e9quent, la semelle NestFIT Last maintient vos pieds dans un confort parfait par rapport \u00e0 toutes les autres chaussures d&rsquo;ext\u00e9rieur. NestFIT r\u00e9duit la pression sur vos pieds de 23% et la fatigue musculaire de 31%. Avec NestFIT, vous profiterez de toutes vos activit\u00e9s de plein air avec plus de plaisir et de confort.<\/p>\n<p>En bref, NestFIT fait une \u00e9norme diff\u00e9rence.<\/p>\n<p>[\/vc_column_text][\/vc_column][vc_column css=\u00a0\u00bb.vc_custom_1588065218707{padding-right: 100px !important;padding-left: 100px !important;}\u00a0\u00bb]<div class=\"clearboth\"><\/div><style>#thegem-divider-69e5a2d0a1313 {margin-top: 45px !important;}<\/style><div id=\"thegem-divider-69e5a2d0a1313\" class=\"gem-divider  \" style=\"\" ><\/div>[vc_text_separator title_level=\u00a0\u00bbh6&Prime; title=\u00a0\u00bbuitgelicht\u00a0\u00bb color=\u00a0\u00bbblack\u00a0\u00bb][vc_row_inner][vc_column_inner width=\u00a0\u00bb1\/3&Prime;][vc_single_image image=\u00a0\u00bb1408&Prime; img_size=\u00a0\u00bblarge\u00a0\u00bb alignment=\u00a0\u00bbright\u00a0\u00bb][\/vc_column_inner][vc_column_inner width=\u00a0\u00bb2\/3&Prime;][vc_column_text css=\u00a0\u00bb.vc_custom_1608980602173{margin-top: -12px !important;}\u00a0\u00bb]<\/p>\n<div class=\"title-h2\" style=\"text-align: left; margin-bottom: 20px;\">\n<p><strong>HYPERGRIP<\/strong><\/p>\n<\/div>\n<div style=\"width: 55px; height: 3px; background: #9e1510; text-indent: 9999px;\">1<\/div>\n<p>[\/vc_column_text]<div class=\"clearboth\"><\/div><style>#thegem-divider-69e5a2d0a1364 {margin-top: 43px !important;}<\/style><div id=\"thegem-divider-69e5a2d0a1364\" class=\"gem-divider  \" style=\"\" ><\/div>[vc_column_text]<\/p>\n<p class=\"p1\">Chez Treksta Scandinavian, nous ne croyons pas aux compromis. Alors que d&rsquo;autres chaussures vous obligent \u00e0 choisir entre l&rsquo;adh\u00e9rence et la durabilit\u00e9, le compos\u00e9 de caoutchouc brevet\u00e9 HyperGrips vous offre le meilleur des deux. HyperGrip est une marque leader au niveau mondial dans le domaine des semelles en caoutchouc de haute qualit\u00e9 pour les march\u00e9s de l&rsquo;ext\u00e9rieur, du travail et des loisirs. Depuis 1988, HyperGrip produit les semelles d&rsquo;ext\u00e9rieur les plus avanc\u00e9es avec les \u00e9quipements et les designs les plus r\u00e9cents.<\/p>\n<p>Depuis plus de 25 ans, le logo ovale rouge vif est synonyme de qualit\u00e9 et de passion pour l&rsquo;innovation. Avec la traction et la r\u00e9sistance n\u00e9cessaires pour conqu\u00e9rir n&rsquo;importe quel terrain, HyperGrip s&rsquo;assure que c&rsquo;est vous qui d\u00e9cidez jusqu&rsquo;o\u00f9 vous allez, et non vos chaussures.<\/p>\n<p>[\/vc_column_text][\/vc_column_inner][\/vc_row_inner]<div class=\"clearboth\"><\/div><style>#thegem-divider-69e5a2d0a13b2 {margin-top: 45px !important;}<\/style><div id=\"thegem-divider-69e5a2d0a13b2\" class=\"gem-divider  \" style=\"\" ><\/div>[vc_row_inner][vc_column_inner width=\u00a0\u00bb1\/3&Prime;][vc_single_image image=\u00a0\u00bb1410&Prime; img_size=\u00a0\u00bblarge\u00a0\u00bb alignment=\u00a0\u00bbright\u00a0\u00bb][\/vc_column_inner][vc_column_inner width=\u00a0\u00bb2\/3&Prime;][vc_column_text css=\u00a0\u00bb.vc_custom_1608980619665{margin-top: -12px !important;}\u00a0\u00bb]<\/p>\n<div class=\"title-h2\" style=\"text-align: left; margin-bottom: 20px;\">\n<p><strong>ICELOCK<\/strong><\/p>\n<\/div>\n<div style=\"width: 55px; height: 3px; background: #9e1510; text-indent: 9999px;\">1<\/div>\n<p>[\/vc_column_text]<div class=\"clearboth\"><\/div><style>#thegem-divider-69e5a2d0a13fe {margin-top: 43px !important;}<\/style><div id=\"thegem-divider-69e5a2d0a13fe\" class=\"gem-divider  \" style=\"\" ><\/div>[vc_column_text]<\/p>\n<p class=\"p1\">La n\u00e9cessit\u00e9 est la m\u00e8re de l&rsquo;ing\u00e9niosit\u00e9. L&rsquo;id\u00e9e d&rsquo;IceLock est n\u00e9e lorsque nous nous sommes r\u00e9veill\u00e9s un matin sur un chemin enneig\u00e9 alors que nous avions pr\u00e9vu une grande excursion. Ce jour-l\u00e0, l&rsquo;excursion a \u00e9t\u00e9 annul\u00e9e parce que le sentier passait de la boue \u00e0 la neige tass\u00e9e au fur et \u00e0 mesure que la hauteur de la colline augmentait.<\/p>\n<p>La frustration de ne pas pouvoir continuer nous a fait envisager la solution de ne pas avoir \u00e0 acheter une paire de chaussures diff\u00e9rente pour chaque surface. Notre mode de vie en plein air exigeait une solution pour toute l&rsquo;ann\u00e9e, quelles que soient les conditions m\u00e9t\u00e9orologiques et les surfaces. Une toute nouvelle solution innovante, sous la forme d&rsquo;IceLock, nous a finalement apport\u00e9 la solution<\/p>\n<p>ICELOCK est constitu\u00e9 de filaments de micro verre align\u00e9s magn\u00e9tiquement, cr\u00e9ant un glissement qui arr\u00eate la tension superficielle. Cela garantit une adh\u00e9rence optimale sur les surfaces glissantes telles que la glace, par exemple.<\/p>\n<p>Les filaments align\u00e9s verticalement garantissent \u00e9galement la long\u00e9vit\u00e9 de la semelle.<\/p>\n<p>[\/vc_column_text][\/vc_column_inner][\/vc_row_inner]<div class=\"clearboth\"><\/div><style>#thegem-divider-69e5a2d0a1449 {margin-top: 45px !important;}<\/style><div id=\"thegem-divider-69e5a2d0a1449\" class=\"gem-divider  \" style=\"\" ><\/div>[vc_row_inner][vc_column_inner width=\u00a0\u00bb1\/3&Prime;][vc_single_image image=\u00a0\u00bb1409&Prime; img_size=\u00a0\u00bblarge\u00a0\u00bb alignment=\u00a0\u00bbright\u00a0\u00bb][\/vc_column_inner][vc_column_inner width=\u00a0\u00bb2\/3&Prime;][vc_column_text css=\u00a0\u00bb.vc_custom_1608980646873{margin-top: -12px !important;}\u00a0\u00bb]<\/p>\n<div class=\"title-h2\" style=\"text-align: left; margin-bottom: 20px;\">\n<p><strong>BOA<\/strong><\/p>\n<\/div>\n<div style=\"width: 55px; height: 3px; background: #9e1510; text-indent: 9999px;\">1<\/div>\n<p>[\/vc_column_text]<div class=\"clearboth\"><\/div><style>#thegem-divider-69e5a2d0a1497 {margin-top: 43px !important;}<\/style><div id=\"thegem-divider-69e5a2d0a1497\" class=\"gem-divider  \" style=\"\" ><\/div>[vc_column_text]<\/p>\n<p class=\"p1\"><em><strong>Cr\u00e9er un ajustement de type gant avec de la vitesse<\/strong><\/em><\/p>\n<p><em><strong>Treksta Boa<\/strong><\/em><\/p>\n<p>Vous le reconnaissez sans doute, vous \u00eates en balade et le lacet se d\u00e9tache. Vos mains sont froides, vos lacets sont mouill\u00e9s et sales. Essayez ensuite de refaire vos lacets, ce n&rsquo;est pas facile. Le syst\u00e8me de la\u00e7age Boa offre un confort sur mesure avec une fermeture douce et r\u00e9guli\u00e8re de la mani\u00e8re la plus rapide. Il suffit de tourner un bouton pour que vos chaussures se ferment parfaitement autour du pied, ET qu&rsquo;elles restent bien ferm\u00e9es.<\/p>\n<p>Le lacet en acier a \u00e9t\u00e9 sp\u00e9cialement con\u00e7u pour le syst\u00e8me Boa et test\u00e9 lors de milliers d&rsquo;applications sur le terrain. Il est compos\u00e9 de 19 brins individuels super r\u00e9sistants en acier inoxydable de qualit\u00e9 a\u00e9ronautique.<\/p>\n<p>Ces brins sont tress\u00e9s ensemble pour former un lacet durable, r\u00e9sistant \u00e0 l&rsquo;abrasion et tr\u00e8s solide. Ces lacets sont ensuite envelopp\u00e9s d&rsquo;un rev\u00eatement en polym\u00e8re technique sp\u00e9cialement formul\u00e9 pour obtenir une surface lisse, durable et sans frottement.<\/p>\n<p>Caract\u00e9ristiques principales<\/p>\n<p>Ajustement semblable \u00e0 un gant : le syst\u00e8me de fermeture Boa offre un confort sur mesure avec une fermeture douce et r\u00e9guli\u00e8re, sans points de pression.<\/p>\n<p>Fermeture puissante : une fois en place, le Boa maintient le r\u00e9glage.<\/p>\n<p>Durable : les lacets Boa sont fabriqu\u00e9s en acier inoxydable de qualit\u00e9 a\u00e9ronautique et sont plus r\u00e9sistants au gramme qu&rsquo;un blindage de char d&rsquo;assaut.<\/p>\n<p>L\u00e9ger : Le Boa repousse l&rsquo;eau, la boue et la glace.<\/p>\n<p>[\/vc_column_text][\/vc_column_inner][\/vc_row_inner][\/vc_column][\/vc_row]<\/p>\n<\/div>","protected":false},"excerpt":{"rendered":"<p>[vc_row][vc_column][vc_column_text][\/vc_column_text][\/vc_column][\/vc_row][vc_row css=\u00a0\u00bb.vc_custom_1511178027038{margin-bottom: 0px !important;}\u00a0\u00bb][vc_column][\/vc_column][\/vc_row][vc_row full_width=\u00a0\u00bbstretch_row\u00a0\u00bb css=\u00a0\u00bb.vc_custom_1511177893404{margin-bottom: 0px !important;}\u00a0\u00bb][vc_column offset=\u00a0\u00bbvc_col-md-6&Prime;][\/vc_column][vc_column offset=\u00a0\u00bbvc_col-lg-offset-0 vc_col-md-offset-0 vc_col-md-6 vc_col-sm-offset-0&Prime;][vc_column_text css=\u00a0\u00bb.vc_custom_1706880802401{margin-top: -12px !important;}\u00a0\u00bb] Technologie NestFIT 1 [\/vc_column_text][vc_column_text]&#8230;<\/p>\n","protected":false},"author":2,"featured_media":0,"parent":0,"menu_order":0,"comment_status":"closed","ping_status":"closed","template":"","meta":{"footnotes":""},"class_list":["post-1883","page","type-page","status-publish"],"_links":{"self":[{"href":"https:\/\/djpfashion.nl\/fr\/wp-json\/wp\/v2\/pages\/1883","targetHints":{"allow":["GET"]}}],"collection":[{"href":"https:\/\/djpfashion.nl\/fr\/wp-json\/wp\/v2\/pages"}],"about":[{"href":"https:\/\/djpfashion.nl\/fr\/wp-json\/wp\/v2\/types\/page"}],"author":[{"embeddable":true,"href":"https:\/\/djpfashion.nl\/fr\/wp-json\/wp\/v2\/users\/2"}],"replies":[{"embeddable":true,"href":"https:\/\/djpfashion.nl\/fr\/wp-json\/wp\/v2\/comments?post=1883"}],"version-history":[{"count":3,"href":"https:\/\/djpfashion.nl\/fr\/wp-json\/wp\/v2\/pages\/1883\/revisions"}],"predecessor-version":[{"id":1892,"href":"https:\/\/djpfashion.nl\/fr\/wp-json\/wp\/v2\/pages\/1883\/revisions\/1892"}],"wp:attachment":[{"href":"https:\/\/djpfashion.nl\/fr\/wp-json\/wp\/v2\/media?parent=1883"}],"curies":[{"name":"wp","href":"https:\/\/api.w.org\/{rel}","templated":true}]}}