{"id":1913,"date":"2024-02-02T11:59:50","date_gmt":"2024-02-02T11:59:50","guid":{"rendered":"https:\/\/djpfashion.nl\/arxus\/"},"modified":"2024-02-15T14:05:56","modified_gmt":"2024-02-15T14:05:56","slug":"arxus","status":"publish","type":"page","link":"https:\/\/djpfashion.nl\/fr\/arxus\/","title":{"rendered":"Arxus"},"content":{"rendered":"<div class=\"wpb-content-wrapper\"><p>[vc_row][vc_column][vc_column_text][\/vc_column_text][\/vc_column][\/vc_row][vc_row][vc_column]<div class=\"clearboth\"><\/div><style>#thegem-divider-69d06034e63c6 {margin-top: 150px !important;}<\/style><div id=\"thegem-divider-69d06034e63c6\" class=\"gem-divider  \" style=\"\" ><\/div>[\/vc_column][\/vc_row][vc_row][vc_column width=\u00a0\u00bb1\/2&Prime;]<div class=\"gem-image gem-wrapbox gem-wrapbox-style-default gem-wrapbox-position-below  thegem-custom-69d06034e64539980\"  style=\"\" ><div class=\"gem-wrapbox-inner \" ><img class=\"gem-wrapbox-element img-responsive\" src=\"https:\/\/djpfashion.nl\/wp-content\/uploads\/2024\/02\/Logo-Arxus.png\" alt=\"\"\/><\/div><\/div>[\/vc_column][vc_column width=\u00a0\u00bb1\/2&Prime;][vc_column_text]<\/p>\n<div class=\"title-h2\" style=\"text-align: left; margin-bottom: 20px;\">Arxus<\/div>\n<div style=\"width: 55px; height: 3px; background: #1E3811; text-indent: 9999px;\">1<\/div>\n<p>[\/vc_column_text]<div class=\"clearboth\"><\/div><style>#thegem-divider-69d06034e6c52 {margin-top: 43px !important;}<\/style><div id=\"thegem-divider-69d06034e6c52\" class=\"gem-divider  \" style=\"\" ><\/div>[vc_column_text]<\/p>\n<p class=\"p1\">Les bottes en caoutchouc Arxus sont fabriqu\u00e9es \u00e0 100% en caoutchouc naturel pour une longue dur\u00e9e de vie et une forte r\u00e9sistance aux chocs ext\u00e9rieurs. Aucun additif chimique n&rsquo;est utilis\u00e9. Seuls les pigments de couleur et les additifs n\u00e9cessaires au processus de vulcanisation sont autoris\u00e9s.<\/p>\n<p>En raison de la basse temp\u00e9rature pendant la vulcanisation, le caoutchouc conserve son humidit\u00e9 naturelle. Ceci est essentiel pour une longue dur\u00e9e de vie du produit. Une \u00e9paisseur de caoutchouc unique de 2,0 mm offre la meilleure protection contre les objets pointus. En comparaison, la norme industrielle courante est de 1,3 \u00e0 1,8 mm d&rsquo;\u00e9paisseur de caoutchouc.<\/p>\n<p>La m\u00e9thode de construction unique d&rsquo;Arxus, qui utilise du caoutchouc naturel tout autour du pied, rend la botte imperm\u00e9able avant m\u00eame que la semelle ne soit assembl\u00e9e. Si la semelle est endommag\u00e9e, la botte a toutes les chances de rester imperm\u00e9able. La semelle est compos\u00e9e de six couches techniques, offrant un confort sup\u00e9rieur, un bon maintien du pied et une adh\u00e9rence extr\u00eame gr\u00e2ce au motif en X unique de la semelle.<\/p>\n<p>La botte Arxus est dot\u00e9e d&rsquo;une sangle en latex coll\u00e9e tout autour de la tige, ce qui garantit que la sangle ne glisse jamais et ne se d\u00e9place jamais lorsque vous l&rsquo;enfilez. La sangle peut \u00eatre r\u00e9gl\u00e9e \u00e0 l&rsquo;aide d&rsquo;une boucle m\u00e9tallique, qui reste toujours en place. Le passepoil en cuir exclusif sur le bord sup\u00e9rieur de la botte emp\u00eache la doublure int\u00e9rieure de se d\u00e9tacher du caoutchouc ext\u00e9rieur lorsque le bord de la botte est \u00e9tir\u00e9 \u00e0 chaque fois que l&rsquo;on enfile la botte.<\/p>\n<p>[\/vc_column_text][\/vc_column][\/vc_row][vc_row][vc_column width=\u00a0\u00bb1\/2&Prime;][vc_column_text]<\/p>\n<h3 class=\"p1\"><b>STATEMENT<\/b><\/h3>\n<p>[\/vc_column_text]<div class=\"clearboth\"><\/div><style>#thegem-divider-69d06034e6ca0 {margin-top: 43px !important;}<\/style><div id=\"thegem-divider-69d06034e6ca0\" class=\"gem-divider  \" style=\"\" ><\/div>[vc_column_text]<\/p>\n<p class=\"p1\">Nous sommes des chasseurs et des amateurs de plein air actifs et notre collection est con\u00e7ue sur la base de notre propre exp\u00e9rience et comprend des caract\u00e9ristiques qui vous garantissent un confort et des mouvements uniques et in\u00e9gal\u00e9s lors de la chasse et d&rsquo;autres activit\u00e9s de plein air.<\/p>\n<p>[\/vc_column_text][\/vc_column][vc_column width=\u00a0\u00bb1\/2&Prime;]<div class=\"gem-image gem-wrapbox gem-wrapbox-style-default gem-wrapbox-position-below  thegem-custom-69d06034e6ceb2601\"  style=\"\" ><div class=\"gem-wrapbox-inner \" ><img class=\"gem-wrapbox-element img-responsive\" src=\"https:\/\/djpfashion.nl\/wp-content\/uploads\/2024\/02\/arxus-rubber-boots-category.jpg\" alt=\"\"\/><\/div><\/div>[\/vc_column][\/vc_row][vc_row][vc_column width=\u00a0\u00bb1\/2&Prime;]<div class=\"gem-image gem-wrapbox gem-wrapbox-style-default gem-wrapbox-position-below  thegem-custom-69d06034e741a817\"  style=\"\" ><div class=\"gem-wrapbox-inner \" ><img class=\"gem-wrapbox-element img-responsive\" src=\"https:\/\/djpfashion.nl\/wp-content\/uploads\/2024\/02\/arxus-mono.jpg\" alt=\"\"\/><\/div><\/div>[\/vc_column][vc_column width=\u00a0\u00bb1\/2&Prime;][vc_column_text]<\/p>\n<h3 class=\"p1\">Histoire<\/h3>\n<p>[\/vc_column_text]<div class=\"clearboth\"><\/div><style>#thegem-divider-69d06034e7b3a {margin-top: 43px !important;}<\/style><div id=\"thegem-divider-69d06034e7b3a\" class=\"gem-divider  \" style=\"\" ><\/div>[vc_column_text]<\/p>\n<p class=\"p1\">Une bonne paire de bottes est probablement l&rsquo;\u00e9l\u00e9ment le plus important de votre \u00e9quipement de plein air. Lorsque vos pieds sont \u00e0 l&rsquo;aise, vous profitez encore plus de la journ\u00e9e. Depuis nos d\u00e9buts en tant qu'\u00a0\u00bbing\u00e9nieur en bottes\u00a0\u00bb en 1986, notre objectif a toujours \u00e9t\u00e9 de proposer des bottes de la plus haute qualit\u00e9, combinant le plus haut niveau de confort, de fonctionnalit\u00e9 et de durabilit\u00e9 avec un design exceptionnel.<\/p>\n<p>Les bottes en caoutchouc fabriqu\u00e9es en France ont \u00e9t\u00e9 les premi\u00e8res bottes \u00e0 \u00eatre con\u00e7ues pour \u00eatre utilis\u00e9es sur les terrains difficiles de Scandinavie, et c&rsquo;est pourquoi elles sont devenues la botte de pr\u00e9dilection de nombreuses personnes. Cependant, en 2007, nous avons d\u00e9cid\u00e9 d&rsquo;utiliser notre exp\u00e9rience et de cr\u00e9er notre propre marque pour concevoir, d\u00e9velopper et produire une gamme de bottes en caoutchouc diff\u00e9rentes, sous la marque \u00ab\u00a0Arxus\u00a0\u00bb.<\/p>\n<p>Nous voulions \u00e9tablir une nouvelle norme pour les bottes de haute qualit\u00e9 et remplacer la vision traditionnelle des bottes en caoutchouc par une collection plus diversifi\u00e9e, sp\u00e9cialement con\u00e7ue pour de nombreuses activit\u00e9s. La cr\u00e9ation d&rsquo;une toute nouvelle collection de bottes en caoutchouc naturel fabriqu\u00e9es \u00e0 la main a n\u00e9cessit\u00e9 de nombreuses ann\u00e9es d&rsquo;exp\u00e9rience et beaucoup d&rsquo;expertise.<\/p>\n<p>Pour relever le d\u00e9fi de fabriquer des chaussures adapt\u00e9es aux diff\u00e9rentes conditions de la vie sauvage, il est n\u00e9cessaire de cr\u00e9er des bottes offrant un soutien ad\u00e9quat aux pieds et aux jambes, combin\u00e9es \u00e0 diff\u00e9rentes options pour la doublure int\u00e9rieure et \u00e0 une construction durable. La gamme Arxus s&rsquo;est d\u00e9velopp\u00e9e pour devenir une collection avec de nombreuses caract\u00e9ristiques uniques qui nous distinguent des autres marques.<\/p>\n<p>Arxus est aujourd&rsquo;hui un leader dans la fabrication de bottes en caoutchouc et une marque \u00e9tablie en termes de confort, de performance et de qualit\u00e9 durable.<\/p>\n<p>[\/vc_column_text][\/vc_column][\/vc_row]<\/p>\n<\/div>","protected":false},"excerpt":{"rendered":"<p>[vc_row][vc_column][vc_column_text][\/vc_column_text][\/vc_column][\/vc_row][vc_row][vc_column][\/vc_column][\/vc_row][vc_row][vc_column width=\u00a0\u00bb1\/2&Prime;][\/vc_column][vc_column width=\u00a0\u00bb1\/2&Prime;][vc_column_text] Arxus 1 [\/vc_column_text][vc_column_text] Les bottes en caoutchouc Arxus sont fabriqu\u00e9es \u00e0 100% en caoutchouc naturel pour une&#8230;<\/p>\n","protected":false},"author":4,"featured_media":0,"parent":0,"menu_order":0,"comment_status":"closed","ping_status":"closed","template":"","meta":{"footnotes":""},"class_list":["post-1913","page","type-page","status-publish"],"_links":{"self":[{"href":"https:\/\/djpfashion.nl\/fr\/wp-json\/wp\/v2\/pages\/1913","targetHints":{"allow":["GET"]}}],"collection":[{"href":"https:\/\/djpfashion.nl\/fr\/wp-json\/wp\/v2\/pages"}],"about":[{"href":"https:\/\/djpfashion.nl\/fr\/wp-json\/wp\/v2\/types\/page"}],"author":[{"embeddable":true,"href":"https:\/\/djpfashion.nl\/fr\/wp-json\/wp\/v2\/users\/4"}],"replies":[{"embeddable":true,"href":"https:\/\/djpfashion.nl\/fr\/wp-json\/wp\/v2\/comments?post=1913"}],"version-history":[{"count":4,"href":"https:\/\/djpfashion.nl\/fr\/wp-json\/wp\/v2\/pages\/1913\/revisions"}],"predecessor-version":[{"id":1973,"href":"https:\/\/djpfashion.nl\/fr\/wp-json\/wp\/v2\/pages\/1913\/revisions\/1973"}],"wp:attachment":[{"href":"https:\/\/djpfashion.nl\/fr\/wp-json\/wp\/v2\/media?parent=1913"}],"curies":[{"name":"wp","href":"https:\/\/api.w.org\/{rel}","templated":true}]}}